{"id":738,"date":"2019-11-26T23:28:59","date_gmt":"2019-11-26T22:28:59","guid":{"rendered":"http:\/\/uncertainjacques.fr\/?page_id=738"},"modified":"2020-04-01T06:41:10","modified_gmt":"2020-04-01T04:41:10","slug":"maxime-homme","status":"publish","type":"page","link":"https:\/\/uncertainjacques.fr\/?page_id=738","title":{"rendered":"Maxime homme"},"content":{"rendered":"\n<p>Maximisation de l\u2019espace et du temps,<br>\nFerme les yeux et prends ma main,<br>\nContraction de l\u2019iris et des sentiments,<br>\nOuvre tes bras et offre moi tes seins,<\/p>\n\n\n\n<p>Dans les complications de la vie,<br>\nDe bonheur ou de rage sont mes cris,<br>\nS\u2019immiscent avec malice tes yeux complices<br>\nEt quand je m\u2019y perds, tout est plus lisse.<\/p>\n\n\n\n<p>Minimisation des contraintes et des plaintes,<br>\nSe desserre alors l\u2019\u00e9treinte<br>\nDe cet aigle qu\u2019est le temps<br>\nQu\u2019il m\u2019est donn\u00e9 d\u2019aimer, simplement.<\/p>\n\n\n\n<p>Glisse sur ta peau de satin la soie<br>\nQue de mes doigts fr\u00e9missants j\u2019effleure<br>\nFormant sur ta peau cent picots<br>\nDans l\u2019instant sublim\u00e9 d\u2019une belle matin\u00e9e.<\/p>\n\n\n\n<p>Vivante nature de femme Picasso,<br>\nLa g\u00e9n\u00e9rosit\u00e9 de tes courbes<br>\nD\u2019une puissance incandescente<br>\nEt superbe emplit les Ah et les Oh.<\/p>\n\n\n\n<p>Hier \u00e9crit<br>\nAujourd\u2019hui dessin\u00e9<br>\nDemain colori\u00e9<br>\nEt un jour sculpt\u00e9<\/p>\n\n\n\n<p>Univers en cr\u00e9ation, addiction dans l\u2019addition,<br> La grande roue de la vie, magistrale et fatale<br> M\u2019am\u00e8ne vers toi, sextant si affolant <br> Jusqu\u2019a m\u2019en donner le go\u00fbt de la fraise\u2026<\/p>\n\n\n\n<p>Sans plus aucun  complexe\u2026<\/p>\n\n\n\n<p>JHJ<br>301006<\/p>\n\n\n\n<figure class=\"wp-block-image size-large\"><img loading=\"lazy\" decoding=\"async\" width=\"40\" height=\"40\" src=\"https:\/\/uncertainjacques.fr\/wp-content\/uploads\/2019\/11\/image.png\" alt=\"\" class=\"wp-image-198\"\/><\/figure>\n\n\n\n<p class=\"has-text-align-center\"><a href=\"https:\/\/uncertainjacques.fr\/?p=736\">pr\u00e9c\u00e9dent <\/a>\/ <a href=\"https:\/\/uncertainjacques.fr\/?p=740\">Suivant<\/a><\/p>\n","protected":false},"excerpt":{"rendered":"<p>Maximisation de l\u2019espace et du temps, Ferme les yeux et prends ma main, Contraction de l\u2019iris et des sentiments, Ouvre tes bras et offre moi tes seins, Dans les complications de la vie, De bonheur ou de rage sont mes cris, S\u2019immiscent avec malice tes yeux complices Et quand je m\u2019y perds, tout est plus &hellip; <a href=\"https:\/\/uncertainjacques.fr\/?page_id=738\" class=\"more-link\">Continuer la lecture<span class=\"screen-reader-text\"> de &laquo;&nbsp;Maxime homme&nbsp;&raquo;<\/span><\/a><\/p>\n","protected":false},"author":1,"featured_media":0,"parent":0,"menu_order":0,"comment_status":"closed","ping_status":"closed","template":"","meta":{"footnotes":""},"class_list":["post-738","page","type-page","status-publish","hentry"],"_links":{"self":[{"href":"https:\/\/uncertainjacques.fr\/index.php?rest_route=\/wp\/v2\/pages\/738","targetHints":{"allow":["GET"]}}],"collection":[{"href":"https:\/\/uncertainjacques.fr\/index.php?rest_route=\/wp\/v2\/pages"}],"about":[{"href":"https:\/\/uncertainjacques.fr\/index.php?rest_route=\/wp\/v2\/types\/page"}],"author":[{"embeddable":true,"href":"https:\/\/uncertainjacques.fr\/index.php?rest_route=\/wp\/v2\/users\/1"}],"replies":[{"embeddable":true,"href":"https:\/\/uncertainjacques.fr\/index.php?rest_route=%2Fwp%2Fv2%2Fcomments&post=738"}],"version-history":[{"count":2,"href":"https:\/\/uncertainjacques.fr\/index.php?rest_route=\/wp\/v2\/pages\/738\/revisions"}],"predecessor-version":[{"id":1648,"href":"https:\/\/uncertainjacques.fr\/index.php?rest_route=\/wp\/v2\/pages\/738\/revisions\/1648"}],"wp:attachment":[{"href":"https:\/\/uncertainjacques.fr\/index.php?rest_route=%2Fwp%2Fv2%2Fmedia&parent=738"}],"curies":[{"name":"wp","href":"https:\/\/api.w.org\/{rel}","templated":true}]}}