{"id":736,"date":"2019-11-26T23:26:48","date_gmt":"2019-11-26T22:26:48","guid":{"rendered":"http:\/\/uncertainjacques.fr\/?page_id=736"},"modified":"2020-04-01T06:40:22","modified_gmt":"2020-04-01T04:40:22","slug":"lumiere-obscure","status":"publish","type":"page","link":"https:\/\/uncertainjacques.fr\/?page_id=736","title":{"rendered":"Lumi\u00e8re obscure"},"content":{"rendered":"\n<p>Ambivalence des mots,<br>\nSilence assourdissant,<br>\nUne lueur pale,<br>\nConcentration maximale.<\/p>\n\n\n\n<p>Pu\u00e9ril arbitraire des \u00e2mes obscures<br>\nTransforme la lumi\u00e8re en peinture.<\/p>\n\n\n\n<p>Mat\u00e9rialiste pur,<br>\nObs\u00e9d\u00e9 de l\u2019\u00e9pure,<br>\nCherche poutre ma\u00eetresse<br>\nDans cette appel \u00e0 la f\u00eate.<\/p>\n\n\n\n<p>L\u2019essentiel, c\u2019est le trac,<br>\nSur une sc\u00e8ne et sans peine.<\/p>\n\n\n\n<p>Allah, <br>\nPlume du vent.<\/p>\n\n\n\n<p>JHJ<br> 180806<\/p>\n\n\n\n<figure class=\"wp-block-image size-large\"><img loading=\"lazy\" decoding=\"async\" width=\"40\" height=\"40\" src=\"https:\/\/uncertainjacques.fr\/wp-content\/uploads\/2019\/11\/image.png\" alt=\"\" class=\"wp-image-198\"\/><\/figure>\n\n\n\n<p class=\"has-text-align-center\"><a href=\"https:\/\/uncertainjacques.fr\/?p=734\">pr\u00e9c\u00e9dent <\/a>\/ <a href=\"https:\/\/uncertainjacques.fr\/?p=738\">Suivant<\/a><\/p>\n","protected":false},"excerpt":{"rendered":"<p>Ambivalence des mots, Silence assourdissant, Une lueur pale, Concentration maximale. Pu\u00e9ril arbitraire des \u00e2mes obscures Transforme la lumi\u00e8re en peinture. Mat\u00e9rialiste pur, Obs\u00e9d\u00e9 de l\u2019\u00e9pure, Cherche poutre ma\u00eetresse Dans cette appel \u00e0 la f\u00eate. L\u2019essentiel, c\u2019est le trac, Sur une sc\u00e8ne et sans peine. Allah, Plume du vent. JHJ 180806 pr\u00e9c\u00e9dent \/ Suivant<\/p>\n","protected":false},"author":1,"featured_media":0,"parent":0,"menu_order":0,"comment_status":"closed","ping_status":"closed","template":"","meta":{"footnotes":""},"class_list":["post-736","page","type-page","status-publish","hentry"],"_links":{"self":[{"href":"https:\/\/uncertainjacques.fr\/index.php?rest_route=\/wp\/v2\/pages\/736","targetHints":{"allow":["GET"]}}],"collection":[{"href":"https:\/\/uncertainjacques.fr\/index.php?rest_route=\/wp\/v2\/pages"}],"about":[{"href":"https:\/\/uncertainjacques.fr\/index.php?rest_route=\/wp\/v2\/types\/page"}],"author":[{"embeddable":true,"href":"https:\/\/uncertainjacques.fr\/index.php?rest_route=\/wp\/v2\/users\/1"}],"replies":[{"embeddable":true,"href":"https:\/\/uncertainjacques.fr\/index.php?rest_route=%2Fwp%2Fv2%2Fcomments&post=736"}],"version-history":[{"count":2,"href":"https:\/\/uncertainjacques.fr\/index.php?rest_route=\/wp\/v2\/pages\/736\/revisions"}],"predecessor-version":[{"id":1647,"href":"https:\/\/uncertainjacques.fr\/index.php?rest_route=\/wp\/v2\/pages\/736\/revisions\/1647"}],"wp:attachment":[{"href":"https:\/\/uncertainjacques.fr\/index.php?rest_route=%2Fwp%2Fv2%2Fmedia&parent=736"}],"curies":[{"name":"wp","href":"https:\/\/api.w.org\/{rel}","templated":true}]}}