{"id":734,"date":"2019-11-26T23:25:09","date_gmt":"2019-11-26T22:25:09","guid":{"rendered":"http:\/\/uncertainjacques.fr\/?page_id=734"},"modified":"2020-04-01T06:39:26","modified_gmt":"2020-04-01T04:39:26","slug":"promenade","status":"publish","type":"page","link":"https:\/\/uncertainjacques.fr\/?page_id=734","title":{"rendered":"Promenade"},"content":{"rendered":"\n<p>Couch\u00e9e dans le gazon,<br>\nNue et de papillons,<br>\nSeuls, dont ta robe est faite<br>\nEst du plus bel effet.<\/p>\n\n\n\n<p>Des plages de Croix Valmer<br>\nAu calvaire de Lissirou,<br>\nMes yeux happent l\u2019atmosph\u00e8re,<br>\nCriquets frappant genoux.<\/p>\n\n\n\n<p>Perdu sur le plateau de l\u2019Aubrac,<br>\nChasseur d\u2019image traque taureau,<br>\nGrosse t\u00eate couverte de boucles \u00e9paisses,<br>\nCouch\u00e9 dans le champ \u00e0 ruminer l\u2019an.<\/p>\n\n\n\n<p>Lapereau surgissant du bosquet<br>\nEloigne son petit cul blanc du danger<br>\nQuand, b\u00e9b\u00e9 chenille entre les tiges d\u2019herbe,<br>\nD\u00e9ambule en qu\u00eate d\u2019un proverbe.<\/p>\n\n\n\n<p>Chevreuils et biches, du haut d\u2019un rocher,<br>\nContemplent la vall\u00e9e sous un soleil voil\u00e9,<br>\nLes marmottes dissimulent leurs moustaches<br>\nDans le d\u00e9dale de galeries cache cache.<\/p>\n\n\n\n<p>Chemin faisant, je t\u2019ai perdu\u2026<br>\nMais apr\u00e8s tout, est ce si important&nbsp;?<br>\nLes papillons, mes compagnons de doute,<br>\nDans l\u2019air, vibrionnant, me r\u00e9pondent que non.<\/p>\n\n\n\n<p>JHJ<br> 16082006<\/p>\n\n\n\n<figure class=\"wp-block-image size-large\"><img loading=\"lazy\" decoding=\"async\" width=\"40\" height=\"40\" src=\"https:\/\/uncertainjacques.fr\/wp-content\/uploads\/2019\/11\/image.png\" alt=\"\" class=\"wp-image-198\"\/><\/figure>\n\n\n\n<p class=\"has-text-align-center\"><a href=\"https:\/\/uncertainjacques.fr\/?p=732\">pr\u00e9c\u00e9dent <\/a>\/ <a href=\"https:\/\/uncertainjacques.fr\/?p=736\">Suivant<\/a><\/p>\n","protected":false},"excerpt":{"rendered":"<p>Couch\u00e9e dans le gazon, Nue et de papillons, Seuls, dont ta robe est faite Est du plus bel effet. Des plages de Croix Valmer Au calvaire de Lissirou, Mes yeux happent l\u2019atmosph\u00e8re, Criquets frappant genoux. Perdu sur le plateau de l\u2019Aubrac, Chasseur d\u2019image traque taureau, Grosse t\u00eate couverte de boucles \u00e9paisses, Couch\u00e9 dans le champ &hellip; <a href=\"https:\/\/uncertainjacques.fr\/?page_id=734\" class=\"more-link\">Continuer la lecture<span class=\"screen-reader-text\"> de &laquo;&nbsp;Promenade&nbsp;&raquo;<\/span><\/a><\/p>\n","protected":false},"author":1,"featured_media":0,"parent":0,"menu_order":0,"comment_status":"closed","ping_status":"closed","template":"","meta":{"footnotes":""},"class_list":["post-734","page","type-page","status-publish","hentry"],"_links":{"self":[{"href":"https:\/\/uncertainjacques.fr\/index.php?rest_route=\/wp\/v2\/pages\/734","targetHints":{"allow":["GET"]}}],"collection":[{"href":"https:\/\/uncertainjacques.fr\/index.php?rest_route=\/wp\/v2\/pages"}],"about":[{"href":"https:\/\/uncertainjacques.fr\/index.php?rest_route=\/wp\/v2\/types\/page"}],"author":[{"embeddable":true,"href":"https:\/\/uncertainjacques.fr\/index.php?rest_route=\/wp\/v2\/users\/1"}],"replies":[{"embeddable":true,"href":"https:\/\/uncertainjacques.fr\/index.php?rest_route=%2Fwp%2Fv2%2Fcomments&post=734"}],"version-history":[{"count":3,"href":"https:\/\/uncertainjacques.fr\/index.php?rest_route=\/wp\/v2\/pages\/734\/revisions"}],"predecessor-version":[{"id":1646,"href":"https:\/\/uncertainjacques.fr\/index.php?rest_route=\/wp\/v2\/pages\/734\/revisions\/1646"}],"wp:attachment":[{"href":"https:\/\/uncertainjacques.fr\/index.php?rest_route=%2Fwp%2Fv2%2Fmedia&parent=734"}],"curies":[{"name":"wp","href":"https:\/\/api.w.org\/{rel}","templated":true}]}}