{"id":732,"date":"2019-11-26T23:24:17","date_gmt":"2019-11-26T22:24:17","guid":{"rendered":"http:\/\/uncertainjacques.fr\/?page_id=732"},"modified":"2020-04-01T06:38:08","modified_gmt":"2020-04-01T04:38:08","slug":"retour-au-calme","status":"publish","type":"page","link":"https:\/\/uncertainjacques.fr\/?page_id=732","title":{"rendered":"Retour au calme"},"content":{"rendered":"\n<p>Des hauts et des bas,<br>\nDe r\u00e9sille ou de soie,<br>\nC\u2019est ainsi va la vie<br>\nEt son cort\u00e8ge de pluies.<\/p>\n\n\n\n<p>Quand le beau temps revient,<br>\nReverdissent les champs,<br>\nOu, apr\u00e8s un ballon, courent les enfants<br>\nSans m\u00eame voir passer un superbe cheval blanc.<\/p>\n\n\n\n<p>D\u00e9coch\u00e9e de l\u2019arc, la fl\u00e8che s\u2019envole<br>\nEt dans les airs, frivole, entame le tour du parc\u2026<br>\nPetit bonjour aux daims s\u2019abreuvant au ruisseau,<br>\nHello de bon aloi et retour au carquois.<\/p>\n\n\n\n<p>Coule, \u00e9coule, d\u00e9coule, histoire d\u2019eau.<br>\nA vol haut, les passereaux s\u2019inscrivent dans l\u2019\u00e9tang.<br>\nChauve souris dans la nuit poussent des petits cris.<br>\nLes autochtones, automates synchrones, jouent \u00e0 abalone.<\/p>\n\n\n\n<p>Au son d\u2019un violon Stradivarius ou Amati,<br>\nDans d\u2019oblongues volutes, sous l\u2019arbre \u00e0 papillons<br>\nVirtuoses d\u00e9posent, vivaces ou lancinants<br>\nDes rythmes florissants.<\/p>\n\n\n\n<p>Souvenir \u00e9mu des jardins suspendus de Babylone.<\/p>\n\n\n\n<p>JHJ<br> 05082006<\/p>\n\n\n\n<figure class=\"wp-block-image size-large\"><img loading=\"lazy\" decoding=\"async\" width=\"40\" height=\"40\" src=\"https:\/\/uncertainjacques.fr\/wp-content\/uploads\/2019\/11\/image.png\" alt=\"\" class=\"wp-image-198\"\/><\/figure>\n\n\n\n<p class=\"has-text-align-center\"><a href=\"https:\/\/uncertainjacques.fr\/?p=730\">pr\u00e9c\u00e9dent <\/a>\/ <a href=\"https:\/\/uncertainjacques.fr\/?p=734\">Suivant<\/a><\/p>\n","protected":false},"excerpt":{"rendered":"<p>Des hauts et des bas, De r\u00e9sille ou de soie, C\u2019est ainsi va la vie Et son cort\u00e8ge de pluies. Quand le beau temps revient, Reverdissent les champs, Ou, apr\u00e8s un ballon, courent les enfants Sans m\u00eame voir passer un superbe cheval blanc. D\u00e9coch\u00e9e de l\u2019arc, la fl\u00e8che s\u2019envole Et dans les airs, frivole, entame &hellip; <a href=\"https:\/\/uncertainjacques.fr\/?page_id=732\" class=\"more-link\">Continuer la lecture<span class=\"screen-reader-text\"> de &laquo;&nbsp;Retour au calme&nbsp;&raquo;<\/span><\/a><\/p>\n","protected":false},"author":1,"featured_media":0,"parent":0,"menu_order":0,"comment_status":"closed","ping_status":"closed","template":"","meta":{"footnotes":""},"class_list":["post-732","page","type-page","status-publish","hentry"],"_links":{"self":[{"href":"https:\/\/uncertainjacques.fr\/index.php?rest_route=\/wp\/v2\/pages\/732","targetHints":{"allow":["GET"]}}],"collection":[{"href":"https:\/\/uncertainjacques.fr\/index.php?rest_route=\/wp\/v2\/pages"}],"about":[{"href":"https:\/\/uncertainjacques.fr\/index.php?rest_route=\/wp\/v2\/types\/page"}],"author":[{"embeddable":true,"href":"https:\/\/uncertainjacques.fr\/index.php?rest_route=\/wp\/v2\/users\/1"}],"replies":[{"embeddable":true,"href":"https:\/\/uncertainjacques.fr\/index.php?rest_route=%2Fwp%2Fv2%2Fcomments&post=732"}],"version-history":[{"count":2,"href":"https:\/\/uncertainjacques.fr\/index.php?rest_route=\/wp\/v2\/pages\/732\/revisions"}],"predecessor-version":[{"id":1644,"href":"https:\/\/uncertainjacques.fr\/index.php?rest_route=\/wp\/v2\/pages\/732\/revisions\/1644"}],"wp:attachment":[{"href":"https:\/\/uncertainjacques.fr\/index.php?rest_route=%2Fwp%2Fv2%2Fmedia&parent=732"}],"curies":[{"name":"wp","href":"https:\/\/api.w.org\/{rel}","templated":true}]}}