{"id":730,"date":"2019-11-26T23:23:12","date_gmt":"2019-11-26T22:23:12","guid":{"rendered":"http:\/\/uncertainjacques.fr\/?page_id=730"},"modified":"2020-04-01T06:37:17","modified_gmt":"2020-04-01T04:37:17","slug":"atmosphere","status":"publish","type":"page","link":"https:\/\/uncertainjacques.fr\/?page_id=730","title":{"rendered":"Atmosph\u00e8re"},"content":{"rendered":"\n<p>Mad\u2019moiselle Maxwell secr\u00e9taire particuli\u00e8re,<br>\nGu\u00eapi\u00e8re porte jarretelles,<br>\nTalons hauts sur robe vert d\u2019eau,<br>\nCeintur\u00e9e \u00e0 la taille d\u2019un cuir couleur corail.<\/p>\n\n\n\n<p>Tutti frutti<br>\nD\u2019une f\u00e9minit\u00e9 p\u00e9tillante,<br>\nElle affole les hommes<br>\nDe sa gr\u00e2ce dilettante<\/p>\n\n\n\n<p>Eg\u00e9rie de Warhol,<br>\nFan de Billy Idol,<br>\nBaby doll,<br>\nRock n\u2019roll.<\/p>\n\n\n\n<p>Quand elle retourne au calme<br>\nD\u2019une vie tr\u00e8s ordinaire,<br>\nCe qu\u2019elle aime avant tout,<br>\nPrendre soin de son homme.<\/p>\n\n\n\n<p>Pr\u00e9parer la cuisine,<br>\nRepasser ses affaires,<br>\nSe promener \u00e0 son bras,<br>\nSe lover dans les draps.<\/p>\n\n\n\n<p>Ayant confiance en lui,<br>\nElle prend confiance en elle,<br>\nL\u2019amour la rendant belle,<br>\nJamais elle ne s\u2019ennuie.<\/p>\n\n\n\n<p>A droite, \u00e0 gauche, en haut, en bas,<br>\nQuand, portant le propre \u00e0 s\u00e9cher sur le fil<br>\nPapillonne et virevolte un panier sous le bras&nbsp;;<br>\nC\u2019est en ling\u00e8re qu\u2019elle se pr\u00e9f\u00e8re.<\/p>\n\n\n\n<p>Atmosph\u00e8re.<\/p>\n\n\n\n<p>JHJ<br>31072006<\/p>\n\n\n\n<figure class=\"wp-block-image size-large\"><img loading=\"lazy\" decoding=\"async\" width=\"40\" height=\"40\" src=\"https:\/\/uncertainjacques.fr\/wp-content\/uploads\/2019\/11\/image.png\" alt=\"\" class=\"wp-image-198\"\/><\/figure>\n\n\n\n<p class=\"has-text-align-center\"><a href=\"https:\/\/uncertainjacques.fr\/?p=728\">pr\u00e9c\u00e9dent <\/a>\/ <a href=\"https:\/\/uncertainjacques.fr\/?p=732\">Suivant<\/a><\/p>\n","protected":false},"excerpt":{"rendered":"<p>Mad\u2019moiselle Maxwell secr\u00e9taire particuli\u00e8re, Gu\u00eapi\u00e8re porte jarretelles, Talons hauts sur robe vert d\u2019eau, Ceintur\u00e9e \u00e0 la taille d\u2019un cuir couleur corail. Tutti frutti D\u2019une f\u00e9minit\u00e9 p\u00e9tillante, Elle affole les hommes De sa gr\u00e2ce dilettante Eg\u00e9rie de Warhol, Fan de Billy Idol, Baby doll, Rock n\u2019roll. Quand elle retourne au calme D\u2019une vie tr\u00e8s ordinaire, Ce &hellip; <a href=\"https:\/\/uncertainjacques.fr\/?page_id=730\" class=\"more-link\">Continuer la lecture<span class=\"screen-reader-text\"> de &laquo;&nbsp;Atmosph\u00e8re&nbsp;&raquo;<\/span><\/a><\/p>\n","protected":false},"author":1,"featured_media":0,"parent":0,"menu_order":0,"comment_status":"closed","ping_status":"closed","template":"","meta":{"footnotes":""},"class_list":["post-730","page","type-page","status-publish","hentry"],"_links":{"self":[{"href":"https:\/\/uncertainjacques.fr\/index.php?rest_route=\/wp\/v2\/pages\/730","targetHints":{"allow":["GET"]}}],"collection":[{"href":"https:\/\/uncertainjacques.fr\/index.php?rest_route=\/wp\/v2\/pages"}],"about":[{"href":"https:\/\/uncertainjacques.fr\/index.php?rest_route=\/wp\/v2\/types\/page"}],"author":[{"embeddable":true,"href":"https:\/\/uncertainjacques.fr\/index.php?rest_route=\/wp\/v2\/users\/1"}],"replies":[{"embeddable":true,"href":"https:\/\/uncertainjacques.fr\/index.php?rest_route=%2Fwp%2Fv2%2Fcomments&post=730"}],"version-history":[{"count":2,"href":"https:\/\/uncertainjacques.fr\/index.php?rest_route=\/wp\/v2\/pages\/730\/revisions"}],"predecessor-version":[{"id":1643,"href":"https:\/\/uncertainjacques.fr\/index.php?rest_route=\/wp\/v2\/pages\/730\/revisions\/1643"}],"wp:attachment":[{"href":"https:\/\/uncertainjacques.fr\/index.php?rest_route=%2Fwp%2Fv2%2Fmedia&parent=730"}],"curies":[{"name":"wp","href":"https:\/\/api.w.org\/{rel}","templated":true}]}}