{"id":726,"date":"2019-11-26T23:21:01","date_gmt":"2019-11-26T22:21:01","guid":{"rendered":"http:\/\/uncertainjacques.fr\/?page_id=726"},"modified":"2020-04-01T06:35:42","modified_gmt":"2020-04-01T04:35:42","slug":"impression","status":"publish","type":"page","link":"https:\/\/uncertainjacques.fr\/?page_id=726","title":{"rendered":"Impression"},"content":{"rendered":"\n<p>St\u00e8le de mots<br>\nLettres en plomb<br>\nTypographies diverses<br>\nMonolithe atypique<\/p>\n\n\n\n<p>Cr\u00e9e par Chelli<br>\nIl m\u2019emm\u00e8ne tr\u00e8s loin<br>\nDans le canyon du chelly<br>\nLieu sacr\u00e9 des indiens<\/p>\n\n\n\n<p>Totem de l\u2019\u00e9crivain<br>\nIl \u00e9voque la main<br>\nT\u00e9moin du manuscrit<br>\nEn plombant les \u00e9crits<\/p>\n\n\n\n<p>Achev\u00e9e ma\u00eetresse matrice<br>\nD\u00e9clenche l\u2019imprimatur finale<br>\nTouche artisanale<br>\nO\u00f9 s\u2019encre papier sous presse<\/p>\n\n\n\n<p>Mot \u00e0 mot<br>\nPage \u00e0 page<br>\nL\u2019impression dispara\u00eet<br>\nEt le c\u0153ur transparait<\/p>\n\n\n\n<p>Dans un tipi en peau<br>\nJe te vois jeune squaw<br>\nDessinant de tes mains <br>\nL\u2019essence du destin<\/p>\n\n\n\n<p>Du mur tu d\u00e9croches<br>\nLe calumet de la paix<br>\nEt la lune s\u2019accroche<br>\nA mon c\u0153ur d\u2019os sculpt\u00e9s.<\/p>\n\n\n\n<p>JHJ<br>21072006<\/p>\n\n\n\n<figure class=\"wp-block-image size-large\"><img loading=\"lazy\" decoding=\"async\" width=\"40\" height=\"40\" src=\"https:\/\/uncertainjacques.fr\/wp-content\/uploads\/2019\/11\/image.png\" alt=\"\" class=\"wp-image-198\"\/><\/figure>\n\n\n\n<p class=\"has-text-align-center\"><a href=\"https:\/\/uncertainjacques.fr\/?p=724\">pr\u00e9c\u00e9dent <\/a>\/ <a href=\"https:\/\/uncertainjacques.fr\/?p=728\">Suivant<\/a><\/p>\n","protected":false},"excerpt":{"rendered":"<p>St\u00e8le de mots Lettres en plomb Typographies diverses Monolithe atypique Cr\u00e9e par Chelli Il m\u2019emm\u00e8ne tr\u00e8s loin Dans le canyon du chelly Lieu sacr\u00e9 des indiens Totem de l\u2019\u00e9crivain Il \u00e9voque la main T\u00e9moin du manuscrit En plombant les \u00e9crits Achev\u00e9e ma\u00eetresse matrice D\u00e9clenche l\u2019imprimatur finale Touche artisanale O\u00f9 s\u2019encre papier sous presse Mot \u00e0 &hellip; <a href=\"https:\/\/uncertainjacques.fr\/?page_id=726\" class=\"more-link\">Continuer la lecture<span class=\"screen-reader-text\"> de &laquo;&nbsp;Impression&nbsp;&raquo;<\/span><\/a><\/p>\n","protected":false},"author":1,"featured_media":0,"parent":0,"menu_order":0,"comment_status":"closed","ping_status":"closed","template":"","meta":{"footnotes":""},"class_list":["post-726","page","type-page","status-publish","hentry"],"_links":{"self":[{"href":"https:\/\/uncertainjacques.fr\/index.php?rest_route=\/wp\/v2\/pages\/726","targetHints":{"allow":["GET"]}}],"collection":[{"href":"https:\/\/uncertainjacques.fr\/index.php?rest_route=\/wp\/v2\/pages"}],"about":[{"href":"https:\/\/uncertainjacques.fr\/index.php?rest_route=\/wp\/v2\/types\/page"}],"author":[{"embeddable":true,"href":"https:\/\/uncertainjacques.fr\/index.php?rest_route=\/wp\/v2\/users\/1"}],"replies":[{"embeddable":true,"href":"https:\/\/uncertainjacques.fr\/index.php?rest_route=%2Fwp%2Fv2%2Fcomments&post=726"}],"version-history":[{"count":2,"href":"https:\/\/uncertainjacques.fr\/index.php?rest_route=\/wp\/v2\/pages\/726\/revisions"}],"predecessor-version":[{"id":1641,"href":"https:\/\/uncertainjacques.fr\/index.php?rest_route=\/wp\/v2\/pages\/726\/revisions\/1641"}],"wp:attachment":[{"href":"https:\/\/uncertainjacques.fr\/index.php?rest_route=%2Fwp%2Fv2%2Fmedia&parent=726"}],"curies":[{"name":"wp","href":"https:\/\/api.w.org\/{rel}","templated":true}]}}