{"id":718,"date":"2019-11-26T23:16:19","date_gmt":"2019-11-26T22:16:19","guid":{"rendered":"http:\/\/uncertainjacques.fr\/?page_id=718"},"modified":"2020-04-01T06:31:53","modified_gmt":"2020-04-01T04:31:53","slug":"jardin","status":"publish","type":"page","link":"https:\/\/uncertainjacques.fr\/?page_id=718","title":{"rendered":"Jardin"},"content":{"rendered":"\n<p>Croassent les corbeaux <br>\nDans le ciel tout l\u00e0-haut<br>\nColportant les messages<br>\nDe quelque indien pr\u00e9sage<\/p>\n\n\n\n<p>Moustique dans les framboises<br>\nPetite araign\u00e9e croise<br>\nEt de sa voix qui pique<br>\nConte alors le mythique<\/p>\n\n\n\n<p>Dans cet argot si facile \u00e0 comprendre<br>\nPersonne ne m\u00e9gote ou ne radote<br>\nEt cela ressemble \u00e0 s\u2019y m\u00e9prendre<br>\nA une face de m\u00e9rou sur un yacht acajou<\/p>\n\n\n\n<p>Raboule le fric hurle le flic<br>\nA son comp\u00e8re contrebandier<br>\nVa voir ta m\u00e8re qui t\u2019a fait un flan<br>\nLui r\u00e9plique ce dernier<\/p>\n\n\n\n<p>Dans la torpeur de ce d\u00e9but d\u2019\u00e9t\u00e9, une seule envie siester<br>\nUne tranche entre les dents d\u2019orange ou de citron<br>\nA l\u2019eau de la claire fontaine<br>\nPetite acidit\u00e9 impl\u00e9mente fra\u00eecheur.<\/p>\n\n\n\n<p>Les songes infusent<br>\nLa clart\u00e9 se prolonge<br>\nL\u2019\u00e9quilibre s\u2019installe<br>\nEt il est \u00e0 cet instant total.<\/p>\n\n\n\n<p>JHJ<br>27062006<\/p>\n\n\n\n<figure class=\"wp-block-image size-large\"><img loading=\"lazy\" decoding=\"async\" width=\"40\" height=\"40\" src=\"https:\/\/uncertainjacques.fr\/wp-content\/uploads\/2019\/11\/image.png\" alt=\"\" class=\"wp-image-198\"\/><\/figure>\n\n\n\n<p class=\"has-text-align-center\"><a href=\"https:\/\/uncertainjacques.fr\/?p=716\">pr\u00e9c\u00e9dent <\/a>\/ <a href=\"https:\/\/uncertainjacques.fr\/?p=720\">Suivant<\/a><\/p>\n","protected":false},"excerpt":{"rendered":"<p>Croassent les corbeaux Dans le ciel tout l\u00e0-haut Colportant les messages De quelque indien pr\u00e9sage Moustique dans les framboises Petite araign\u00e9e croise Et de sa voix qui pique Conte alors le mythique Dans cet argot si facile \u00e0 comprendre Personne ne m\u00e9gote ou ne radote Et cela ressemble \u00e0 s\u2019y m\u00e9prendre A une face de &hellip; <a href=\"https:\/\/uncertainjacques.fr\/?page_id=718\" class=\"more-link\">Continuer la lecture<span class=\"screen-reader-text\"> de &laquo;&nbsp;Jardin&nbsp;&raquo;<\/span><\/a><\/p>\n","protected":false},"author":1,"featured_media":0,"parent":0,"menu_order":0,"comment_status":"closed","ping_status":"closed","template":"","meta":{"footnotes":""},"class_list":["post-718","page","type-page","status-publish","hentry"],"_links":{"self":[{"href":"https:\/\/uncertainjacques.fr\/index.php?rest_route=\/wp\/v2\/pages\/718","targetHints":{"allow":["GET"]}}],"collection":[{"href":"https:\/\/uncertainjacques.fr\/index.php?rest_route=\/wp\/v2\/pages"}],"about":[{"href":"https:\/\/uncertainjacques.fr\/index.php?rest_route=\/wp\/v2\/types\/page"}],"author":[{"embeddable":true,"href":"https:\/\/uncertainjacques.fr\/index.php?rest_route=\/wp\/v2\/users\/1"}],"replies":[{"embeddable":true,"href":"https:\/\/uncertainjacques.fr\/index.php?rest_route=%2Fwp%2Fv2%2Fcomments&post=718"}],"version-history":[{"count":2,"href":"https:\/\/uncertainjacques.fr\/index.php?rest_route=\/wp\/v2\/pages\/718\/revisions"}],"predecessor-version":[{"id":1636,"href":"https:\/\/uncertainjacques.fr\/index.php?rest_route=\/wp\/v2\/pages\/718\/revisions\/1636"}],"wp:attachment":[{"href":"https:\/\/uncertainjacques.fr\/index.php?rest_route=%2Fwp%2Fv2%2Fmedia&parent=718"}],"curies":[{"name":"wp","href":"https:\/\/api.w.org\/{rel}","templated":true}]}}