{"id":694,"date":"2019-11-26T18:36:53","date_gmt":"2019-11-26T17:36:53","guid":{"rendered":"http:\/\/uncertainjacques.fr\/?page_id=694"},"modified":"2020-04-01T06:26:52","modified_gmt":"2020-04-01T04:26:52","slug":"confucius","status":"publish","type":"page","link":"https:\/\/uncertainjacques.fr\/?page_id=694","title":{"rendered":"Confucius"},"content":{"rendered":"\n<p>Le silence traverse la pi\u00e8ce<br>\nEt se d\u00e9pose sur la page\u2026<\/p>\n\n\n\n<p>Je ne sais que penser<br>\nDe cet \u00e9tat de fait<br>\nM\u2019emp\u00eachant de projeter<br>\nSi loin ma destin\u00e9e<\/p>\n\n\n\n<p>Embourb\u00e9 dans les miasmes,<br>\nL\u2019esprit sans enthousiasme,<br>\nRetombent autour de moi<br>\nLes bombes d\u2019un somptueux minois<\/p>\n\n\n\n<p>Sur ce terrain min\u00e9,<br>\nIl faut \u00e0 pas compt\u00e9s,<br>\nEnvoyer des messages<br>\nD\u00e9nu\u00e9s de toute rage<\/p>\n\n\n\n<p>Si la sagesse l\u2019emporte,<br>\nCe sera sans effort<br>\nDans cette lutte \u00e0 mort<br>\nSi puissante et si forte<\/p>\n\n\n\n<p>Les champs de marguerite<br>\nEnvahissent la gu\u00e9rite<br>\nO\u00f9, fatigu\u00e9 je m\u2019\u00e9tais r\u00e9fugi\u00e9<br>\nPar un beau soir d\u2019\u00e9t\u00e9<\/p>\n\n\n\n<p>Deux loupiotes \u00e9clairent la pi\u00e8ce,<br>\nJe touche au but,<br>\nJe ne sais lequel est-ce<br>\nMais belle est la culbute<\/p>\n\n\n\n<p>Les loups hurlent \u00e0 la mort<br>\nLes jaloux sont garous<br>\nEt pourtant, ni regrets, ni remords,<br>\nJe suis et resterai le roi de tous les fous,<\/p>\n\n\n\n<p>A trouver sans chercher,<br>\nCoquelicots dans les bl\u00e9s,<br>\nLes cl\u00e9s \u00e0 tous ces doutes<br>\nQui pars\u00e8ment ma route\u2026 (bis)<\/p>\n\n\n\n<p>JHJ<br> 260506<\/p>\n\n\n\n<figure class=\"wp-block-image size-large\"><img loading=\"lazy\" decoding=\"async\" width=\"40\" height=\"40\" src=\"https:\/\/uncertainjacques.fr\/wp-content\/uploads\/2019\/11\/image.png\" alt=\"\" class=\"wp-image-198\"\/><\/figure>\n\n\n\n<p class=\"has-text-align-center\"><a href=\"https:\/\/uncertainjacques.fr\/?p=692\">pr\u00e9c\u00e9dent <\/a>\/ <a href=\"https:\/\/uncertainjacques.fr\/?p=696\">Suivant<\/a><\/p>\n","protected":false},"excerpt":{"rendered":"<p>Le silence traverse la pi\u00e8ce Et se d\u00e9pose sur la page\u2026 Je ne sais que penser De cet \u00e9tat de fait M\u2019emp\u00eachant de projeter Si loin ma destin\u00e9e Embourb\u00e9 dans les miasmes, L\u2019esprit sans enthousiasme, Retombent autour de moi Les bombes d\u2019un somptueux minois Sur ce terrain min\u00e9, Il faut \u00e0 pas compt\u00e9s, Envoyer des &hellip; <a href=\"https:\/\/uncertainjacques.fr\/?page_id=694\" class=\"more-link\">Continuer la lecture<span class=\"screen-reader-text\"> de &laquo;&nbsp;Confucius&nbsp;&raquo;<\/span><\/a><\/p>\n","protected":false},"author":1,"featured_media":0,"parent":0,"menu_order":0,"comment_status":"closed","ping_status":"closed","template":"","meta":{"footnotes":""},"class_list":["post-694","page","type-page","status-publish","hentry"],"_links":{"self":[{"href":"https:\/\/uncertainjacques.fr\/index.php?rest_route=\/wp\/v2\/pages\/694","targetHints":{"allow":["GET"]}}],"collection":[{"href":"https:\/\/uncertainjacques.fr\/index.php?rest_route=\/wp\/v2\/pages"}],"about":[{"href":"https:\/\/uncertainjacques.fr\/index.php?rest_route=\/wp\/v2\/types\/page"}],"author":[{"embeddable":true,"href":"https:\/\/uncertainjacques.fr\/index.php?rest_route=\/wp\/v2\/users\/1"}],"replies":[{"embeddable":true,"href":"https:\/\/uncertainjacques.fr\/index.php?rest_route=%2Fwp%2Fv2%2Fcomments&post=694"}],"version-history":[{"count":2,"href":"https:\/\/uncertainjacques.fr\/index.php?rest_route=\/wp\/v2\/pages\/694\/revisions"}],"predecessor-version":[{"id":1630,"href":"https:\/\/uncertainjacques.fr\/index.php?rest_route=\/wp\/v2\/pages\/694\/revisions\/1630"}],"wp:attachment":[{"href":"https:\/\/uncertainjacques.fr\/index.php?rest_route=%2Fwp%2Fv2%2Fmedia&parent=694"}],"curies":[{"name":"wp","href":"https:\/\/api.w.org\/{rel}","templated":true}]}}