{"id":692,"date":"2019-11-26T18:35:42","date_gmt":"2019-11-26T17:35:42","guid":{"rendered":"http:\/\/uncertainjacques.fr\/?page_id=692"},"modified":"2020-04-01T06:26:01","modified_gmt":"2020-04-01T04:26:01","slug":"dore","status":"publish","type":"page","link":"https:\/\/uncertainjacques.fr\/?page_id=692","title":{"rendered":"Dor\u00e9"},"content":{"rendered":"\n<p>Au fond de cette ruelle imbriqu\u00e9e dans la ville,<br>\nD\u00e9licate essence de farine chatouille mes narines\u2026<br>\nClac sur le pav\u00e9,<br>\nBruit du fer animal,<\/p>\n\n\n\n<p>Au petit matin,<br>\nLe printemps s\u2019installe <br>\nDans une chaise longue<br>\nA c\u00f4t\u00e9 du cheval<\/p>\n\n\n\n<p>Sur les poteaux bordant la route, les moineaux affutent leur chant<br>\nAnnon\u00e7ant qu\u2019il est temps de prendre possession de ce grand ciel blanc.<\/p>\n\n\n\n<p>L\u2019eau s\u2019est arr\u00eat\u00e9e, sur les toits de ruisseler,<br>Laissant au bl\u00e9 l\u2019occasion de pousser.<\/p>\n\n\n\n<p>Et sur chaque pierre de la vieille ville,<br>\nEn transparence appara\u00eet,<br>\nEvidentes, color\u00e9es,<br>\nUne kyrielle d\u2019images\u2026<\/p>\n\n\n\n<p>En dilettante,<br>\nJe tente dans la d\u00e9tente<br>\nDe transcender l\u2019absente.<\/p>\n\n\n\n<p>Sublime instant de ce pr\u00e9sent<br>\nEt qui, dor\u00e9navant,<br>\nSera mon avenant.<\/p>\n\n\n\n<p>JHJ<br>24052006<\/p>\n\n\n\n<figure class=\"wp-block-image size-large\"><img loading=\"lazy\" decoding=\"async\" width=\"40\" height=\"40\" src=\"https:\/\/uncertainjacques.fr\/wp-content\/uploads\/2019\/11\/image.png\" alt=\"\" class=\"wp-image-198\"\/><\/figure>\n\n\n\n<p class=\"has-text-align-center\"><a href=\"https:\/\/uncertainjacques.fr\/?p=690\">pr\u00e9c\u00e9dent <\/a>\/ <a href=\"https:\/\/uncertainjacques.fr\/?p=694\">Suivant<\/a><\/p>\n","protected":false},"excerpt":{"rendered":"<p>Au fond de cette ruelle imbriqu\u00e9e dans la ville, D\u00e9licate essence de farine chatouille mes narines\u2026 Clac sur le pav\u00e9, Bruit du fer animal, Au petit matin, Le printemps s\u2019installe Dans une chaise longue A c\u00f4t\u00e9 du cheval Sur les poteaux bordant la route, les moineaux affutent leur chant Annon\u00e7ant qu\u2019il est temps de prendre &hellip; <a href=\"https:\/\/uncertainjacques.fr\/?page_id=692\" class=\"more-link\">Continuer la lecture<span class=\"screen-reader-text\"> de &laquo;&nbsp;Dor\u00e9&nbsp;&raquo;<\/span><\/a><\/p>\n","protected":false},"author":1,"featured_media":0,"parent":0,"menu_order":0,"comment_status":"closed","ping_status":"closed","template":"","meta":{"footnotes":""},"class_list":["post-692","page","type-page","status-publish","hentry"],"_links":{"self":[{"href":"https:\/\/uncertainjacques.fr\/index.php?rest_route=\/wp\/v2\/pages\/692","targetHints":{"allow":["GET"]}}],"collection":[{"href":"https:\/\/uncertainjacques.fr\/index.php?rest_route=\/wp\/v2\/pages"}],"about":[{"href":"https:\/\/uncertainjacques.fr\/index.php?rest_route=\/wp\/v2\/types\/page"}],"author":[{"embeddable":true,"href":"https:\/\/uncertainjacques.fr\/index.php?rest_route=\/wp\/v2\/users\/1"}],"replies":[{"embeddable":true,"href":"https:\/\/uncertainjacques.fr\/index.php?rest_route=%2Fwp%2Fv2%2Fcomments&post=692"}],"version-history":[{"count":2,"href":"https:\/\/uncertainjacques.fr\/index.php?rest_route=\/wp\/v2\/pages\/692\/revisions"}],"predecessor-version":[{"id":1629,"href":"https:\/\/uncertainjacques.fr\/index.php?rest_route=\/wp\/v2\/pages\/692\/revisions\/1629"}],"wp:attachment":[{"href":"https:\/\/uncertainjacques.fr\/index.php?rest_route=%2Fwp%2Fv2%2Fmedia&parent=692"}],"curies":[{"name":"wp","href":"https:\/\/api.w.org\/{rel}","templated":true}]}}