{"id":690,"date":"2019-11-26T18:34:33","date_gmt":"2019-11-26T17:34:33","guid":{"rendered":"http:\/\/uncertainjacques.fr\/?page_id=690"},"modified":"2020-04-01T06:25:08","modified_gmt":"2020-04-01T04:25:08","slug":"images-interieures","status":"publish","type":"page","link":"https:\/\/uncertainjacques.fr\/?page_id=690","title":{"rendered":"Images int\u00e9rieures"},"content":{"rendered":"\n<p>L\u2019assimilation des impulsions \u00e9lectriques<br>\nPassant par le cortex<br>\nDans un mouvement complexe<br>\nTransforme la douleur<\/p>\n\n\n\n<p>Kal\u00e9idoscope des couleurs<\/p>\n\n\n\n<p>Images se forment<br>\nEn oubliant les normes<br>\nFiligranes de l\u2019\u00e2me<br>\nSur ce quatre-vingt grammes<\/p>\n\n\n\n<p>M\u00e9lange de lumi\u00e8re et de pluie<\/p>\n\n\n\n<p>Sous la souplesse du fusain<br>\nApparaissent  alors les traits<br>\nDe ce tout premier jet<br>\nEn une exquise esquisse<\/p>\n\n\n\n<p>Merveille<\/p>\n\n\n\n<p>Deux soleils,<br>\nUn arc en ciel<br>\nUn champ de bl\u00e9 bleu<br>\nLe vent sifflant dans les oreilles\u2026<\/p>\n\n\n\n<p>R\u00e9veil<\/p>\n\n\n\n<p>L\u2019heure de se lever<br>\nPour aller travailler<br>\nLa t\u00eate repos\u00e9e<br>\nD\u2019avoir si joliment r\u00eav\u00e9.<\/p>\n\n\n\n<p>JHJ<br> 18052006<\/p>\n\n\n\n<figure class=\"wp-block-image size-large\"><img loading=\"lazy\" decoding=\"async\" width=\"40\" height=\"40\" src=\"https:\/\/uncertainjacques.fr\/wp-content\/uploads\/2019\/11\/image.png\" alt=\"\" class=\"wp-image-198\"\/><\/figure>\n\n\n\n<p class=\"has-text-align-center\"><a href=\"https:\/\/uncertainjacques.fr\/?p=688\">pr\u00e9c\u00e9dent <\/a>\/ <a href=\"https:\/\/uncertainjacques.fr\/?p=692\">Suivant<\/a><\/p>\n","protected":false},"excerpt":{"rendered":"<p>L\u2019assimilation des impulsions \u00e9lectriques Passant par le cortex Dans un mouvement complexe Transforme la douleur Kal\u00e9idoscope des couleurs Images se forment En oubliant les normes Filigranes de l\u2019\u00e2me Sur ce quatre-vingt grammes M\u00e9lange de lumi\u00e8re et de pluie Sous la souplesse du fusain Apparaissent alors les traits De ce tout premier jet En une exquise &hellip; <a href=\"https:\/\/uncertainjacques.fr\/?page_id=690\" class=\"more-link\">Continuer la lecture<span class=\"screen-reader-text\"> de &laquo;&nbsp;Images int\u00e9rieures&nbsp;&raquo;<\/span><\/a><\/p>\n","protected":false},"author":1,"featured_media":0,"parent":0,"menu_order":0,"comment_status":"closed","ping_status":"closed","template":"","meta":{"footnotes":""},"class_list":["post-690","page","type-page","status-publish","hentry"],"_links":{"self":[{"href":"https:\/\/uncertainjacques.fr\/index.php?rest_route=\/wp\/v2\/pages\/690","targetHints":{"allow":["GET"]}}],"collection":[{"href":"https:\/\/uncertainjacques.fr\/index.php?rest_route=\/wp\/v2\/pages"}],"about":[{"href":"https:\/\/uncertainjacques.fr\/index.php?rest_route=\/wp\/v2\/types\/page"}],"author":[{"embeddable":true,"href":"https:\/\/uncertainjacques.fr\/index.php?rest_route=\/wp\/v2\/users\/1"}],"replies":[{"embeddable":true,"href":"https:\/\/uncertainjacques.fr\/index.php?rest_route=%2Fwp%2Fv2%2Fcomments&post=690"}],"version-history":[{"count":2,"href":"https:\/\/uncertainjacques.fr\/index.php?rest_route=\/wp\/v2\/pages\/690\/revisions"}],"predecessor-version":[{"id":1628,"href":"https:\/\/uncertainjacques.fr\/index.php?rest_route=\/wp\/v2\/pages\/690\/revisions\/1628"}],"wp:attachment":[{"href":"https:\/\/uncertainjacques.fr\/index.php?rest_route=%2Fwp%2Fv2%2Fmedia&parent=690"}],"curies":[{"name":"wp","href":"https:\/\/api.w.org\/{rel}","templated":true}]}}