{"id":688,"date":"2019-11-26T18:32:15","date_gmt":"2019-11-26T17:32:15","guid":{"rendered":"http:\/\/uncertainjacques.fr\/?page_id=688"},"modified":"2020-04-01T06:24:08","modified_gmt":"2020-04-01T04:24:08","slug":"hors-cadre","status":"publish","type":"page","link":"https:\/\/uncertainjacques.fr\/?page_id=688","title":{"rendered":"Hors cadre"},"content":{"rendered":"\n<p>D\u00e9cade cadenc\u00e9e,<br>\nLe cadenas a saut\u00e9\u2026<br>\nCanevas \u00e9tabli <br>\nEst tomb\u00e9 dans l\u2019oubli.<\/p>\n\n\n\n<p>R\u00e9volution de l\u2019esprit<br>\nA la convention de la d\u00e9votion<br>\nDans d\u2019intenses palpitations\u2026<br>\nFait place l\u2019\u00e9motion,<\/p>\n\n\n\n<p>Gratte le papier<br>\nD\u2019une plume l\u00e9g\u00e8re<br>\nEt la pens\u00e9e alti\u00e8re<br>\nD\u00e9ride sous les faits<\/p>\n\n\n\n<p>D\u2019une matin\u00e9e paresse <br>\nQue le bon temps caresse<br>\nDe cette douceur angevine<br>\nQui la rend si c\u00e2line<\/p>\n\n\n\n<p>La musique classique<br>\nDonne toute la rythmique<br>\nA ce recueil instant<br>\nQue je cueille fr\u00e9missant<\/p>\n\n\n\n<p>Et qui donne \u00e0 la vie toute sa nostalgie.<br>\nNi cadre, ni enluminure, seule l\u2019\u00e9pure<\/p>\n\n\n\n<p>Dans sa qu\u00eate,<br>\nSa conqu\u00eate,<br>\nSa disparition<br>\nEt ses apparitions.<\/p>\n\n\n\n<p>JHJ<br> 12052006<\/p>\n\n\n\n<figure class=\"wp-block-image size-large\"><img loading=\"lazy\" decoding=\"async\" width=\"40\" height=\"40\" src=\"https:\/\/uncertainjacques.fr\/wp-content\/uploads\/2019\/11\/image.png\" alt=\"\" class=\"wp-image-198\"\/><\/figure>\n\n\n\n<p class=\"has-text-align-center\"><a href=\"https:\/\/uncertainjacques.fr\/?p=683\">pr\u00e9c\u00e9dent <\/a>\/ <a href=\"https:\/\/uncertainjacques.fr\/?p=690\">Suivant<\/a><\/p>\n\n\n\n<p><\/p>\n","protected":false},"excerpt":{"rendered":"<p>D\u00e9cade cadenc\u00e9e, Le cadenas a saut\u00e9\u2026 Canevas \u00e9tabli Est tomb\u00e9 dans l\u2019oubli. R\u00e9volution de l\u2019esprit A la convention de la d\u00e9votion Dans d\u2019intenses palpitations\u2026 Fait place l\u2019\u00e9motion, Gratte le papier D\u2019une plume l\u00e9g\u00e8re Et la pens\u00e9e alti\u00e8re D\u00e9ride sous les faits D\u2019une matin\u00e9e paresse Que le bon temps caresse De cette douceur angevine Qui la &hellip; <a href=\"https:\/\/uncertainjacques.fr\/?page_id=688\" class=\"more-link\">Continuer la lecture<span class=\"screen-reader-text\"> de &laquo;&nbsp;Hors cadre&nbsp;&raquo;<\/span><\/a><\/p>\n","protected":false},"author":1,"featured_media":0,"parent":0,"menu_order":0,"comment_status":"closed","ping_status":"closed","template":"","meta":{"footnotes":""},"class_list":["post-688","page","type-page","status-publish","hentry"],"_links":{"self":[{"href":"https:\/\/uncertainjacques.fr\/index.php?rest_route=\/wp\/v2\/pages\/688","targetHints":{"allow":["GET"]}}],"collection":[{"href":"https:\/\/uncertainjacques.fr\/index.php?rest_route=\/wp\/v2\/pages"}],"about":[{"href":"https:\/\/uncertainjacques.fr\/index.php?rest_route=\/wp\/v2\/types\/page"}],"author":[{"embeddable":true,"href":"https:\/\/uncertainjacques.fr\/index.php?rest_route=\/wp\/v2\/users\/1"}],"replies":[{"embeddable":true,"href":"https:\/\/uncertainjacques.fr\/index.php?rest_route=%2Fwp%2Fv2%2Fcomments&post=688"}],"version-history":[{"count":2,"href":"https:\/\/uncertainjacques.fr\/index.php?rest_route=\/wp\/v2\/pages\/688\/revisions"}],"predecessor-version":[{"id":1627,"href":"https:\/\/uncertainjacques.fr\/index.php?rest_route=\/wp\/v2\/pages\/688\/revisions\/1627"}],"wp:attachment":[{"href":"https:\/\/uncertainjacques.fr\/index.php?rest_route=%2Fwp%2Fv2%2Fmedia&parent=688"}],"curies":[{"name":"wp","href":"https:\/\/api.w.org\/{rel}","templated":true}]}}