{"id":683,"date":"2019-11-26T18:26:01","date_gmt":"2019-11-26T17:26:01","guid":{"rendered":"http:\/\/uncertainjacques.fr\/?page_id=683"},"modified":"2020-04-01T06:23:13","modified_gmt":"2020-04-01T04:23:13","slug":"reve","status":"publish","type":"page","link":"https:\/\/uncertainjacques.fr\/?page_id=683","title":{"rendered":"R\u00eave"},"content":{"rendered":"\n<p>Sur le tapis volant de mes r\u00eaves,<br>\nPetit diable et petit ange,<br>\nMutuellement <br>\nSe m\u00e9langent\u2026<\/p>\n\n\n\n<p>Dans un joli fauteuil de cuir,<br>\nVol au dessus de San Francisco\u2026<\/p>\n\n\n\n<p>Archanges de la nuit,<br>\nIls construisent la vie,<br>\nDessins du possible<br>\nAu del\u00e0 de ce que le jour dessine\u2026<\/p>\n\n\n\n<p>J\u2019atterris dans un tableau o\u00f9,<br>\nPar le trou des persiennes,<br>\nLe soleil qui traverse<br>\nVient se coucher sur le parquet cir\u00e9\u2026<\/p>\n\n\n\n<p>Laissant la place \u00e0 l\u2019amour jour<br> S\u2019abattant sur Papa quand,<br> Deux enfants, \u00e0 peine \u00e9veill\u00e9s<br> S\u2019amusent de bon matin<br> A lui sauter dessus<\/p>\n\n\n\n<p> Dans la joie et les cris de leurs voix ouistitis.<\/p>\n\n\n\n<p>JHJ<br> 04052006<\/p>\n\n\n\n<figure class=\"wp-block-image size-large\"><img loading=\"lazy\" decoding=\"async\" width=\"40\" height=\"40\" src=\"https:\/\/uncertainjacques.fr\/wp-content\/uploads\/2019\/11\/image.png\" alt=\"\" class=\"wp-image-198\"\/><\/figure>\n\n\n\n<p class=\"has-text-align-center\"><a href=\"https:\/\/uncertainjacques.fr\/?p=266\">pr\u00e9c\u00e9dent <\/a>\/ <a href=\"https:\/\/uncertainjacques.fr\/?p=688\">Suivant<\/a><\/p>\n\n\n\n<p><\/p>\n","protected":false},"excerpt":{"rendered":"<p>Sur le tapis volant de mes r\u00eaves, Petit diable et petit ange, Mutuellement Se m\u00e9langent\u2026 Dans un joli fauteuil de cuir, Vol au dessus de San Francisco\u2026 Archanges de la nuit, Ils construisent la vie, Dessins du possible Au del\u00e0 de ce que le jour dessine\u2026 J\u2019atterris dans un tableau o\u00f9, Par le trou des &hellip; <a href=\"https:\/\/uncertainjacques.fr\/?page_id=683\" class=\"more-link\">Continuer la lecture<span class=\"screen-reader-text\"> de &laquo;&nbsp;R\u00eave&nbsp;&raquo;<\/span><\/a><\/p>\n","protected":false},"author":1,"featured_media":0,"parent":0,"menu_order":0,"comment_status":"closed","ping_status":"closed","template":"","meta":{"footnotes":""},"class_list":["post-683","page","type-page","status-publish","hentry"],"_links":{"self":[{"href":"https:\/\/uncertainjacques.fr\/index.php?rest_route=\/wp\/v2\/pages\/683","targetHints":{"allow":["GET"]}}],"collection":[{"href":"https:\/\/uncertainjacques.fr\/index.php?rest_route=\/wp\/v2\/pages"}],"about":[{"href":"https:\/\/uncertainjacques.fr\/index.php?rest_route=\/wp\/v2\/types\/page"}],"author":[{"embeddable":true,"href":"https:\/\/uncertainjacques.fr\/index.php?rest_route=\/wp\/v2\/users\/1"}],"replies":[{"embeddable":true,"href":"https:\/\/uncertainjacques.fr\/index.php?rest_route=%2Fwp%2Fv2%2Fcomments&post=683"}],"version-history":[{"count":4,"href":"https:\/\/uncertainjacques.fr\/index.php?rest_route=\/wp\/v2\/pages\/683\/revisions"}],"predecessor-version":[{"id":1626,"href":"https:\/\/uncertainjacques.fr\/index.php?rest_route=\/wp\/v2\/pages\/683\/revisions\/1626"}],"wp:attachment":[{"href":"https:\/\/uncertainjacques.fr\/index.php?rest_route=%2Fwp%2Fv2%2Fmedia&parent=683"}],"curies":[{"name":"wp","href":"https:\/\/api.w.org\/{rel}","templated":true}]}}