{"id":305,"date":"2019-11-10T09:30:49","date_gmt":"2019-11-10T08:30:49","guid":{"rendered":"http:\/\/uncertainjacques.fr\/?page_id=305"},"modified":"2020-04-01T06:18:38","modified_gmt":"2020-04-01T04:18:38","slug":"dimanche-soir","status":"publish","type":"page","link":"https:\/\/uncertainjacques.fr\/?page_id=305","title":{"rendered":"DIMANCHE SOIR"},"content":{"rendered":"\n<p>Diatribes d\u00e9sesp\u00e9r\u00e9es,<br>\nLa force de l\u2019\u00eatre \u00e9corch\u00e9,<br>\nDe sa voix de velours,<br>\nGainsbourg me fait l\u2019amour.<\/p>\n\n\n\n<p>Au fond d\u2019une bo\u00eete,<br>\nDeux petites t\u00eates bien droites,<br>\nJ\u2019en prends une,<br>\nPr\u00eate \u00e0 m\u2019envoyer sur la lune.<\/p>\n\n\n\n<p>Dans cette ge\u00f4le qu\u2019est l\u2019alcool,<br>\nPlonge l\u2019ivrogne<br>\nSur le banc de l\u2019\u00e9cole<br>\nSous le soleil qui cogne.<\/p>\n\n\n\n<p>Impr\u00e9vu, impromptu,<br>\nAh, si j\u2019avais su tout cela avant,<br>\nCela fait bien longtemps<br>\nQue je ne t\u2019aurais revu.<\/p>\n\n\n\n<p>Cru,<br>\nCruel,<br>\nCrucifi\u00e9,<br>\nSacrifi\u00e9,<\/p>\n\n\n\n<p>Sur l\u2019autel,<br>\nV\u00e9n\u00e9neuse volupt\u00e9,<br>\nDe ton intimit\u00e9,<br>\nB\u00e9b\u00e9.<\/p>\n\n\n\n<p>JHJ<br> 310320006<\/p>\n\n\n\n<figure class=\"wp-block-image size-large\"><img loading=\"lazy\" decoding=\"async\" width=\"40\" height=\"40\" src=\"https:\/\/uncertainjacques.fr\/wp-content\/uploads\/2019\/11\/image.png\" alt=\"\" class=\"wp-image-198\"\/><\/figure>\n\n\n\n<p class=\"has-text-align-center\"><a href=\"https:\/\/uncertainjacques.fr\/?p=255\">pr\u00e9c\u00e9dent <\/a>\/ <a href=\"https:\/\/uncertainjacques.fr\/?p=260\">Suivant<\/a><\/p>\n","protected":false},"excerpt":{"rendered":"<p>Diatribes d\u00e9sesp\u00e9r\u00e9es, La force de l\u2019\u00eatre \u00e9corch\u00e9, De sa voix de velours, Gainsbourg me fait l\u2019amour. Au fond d\u2019une bo\u00eete, Deux petites t\u00eates bien droites, J\u2019en prends une, Pr\u00eate \u00e0 m\u2019envoyer sur la lune. Dans cette ge\u00f4le qu\u2019est l\u2019alcool, Plonge l\u2019ivrogne Sur le banc de l\u2019\u00e9cole Sous le soleil qui cogne. Impr\u00e9vu, impromptu, Ah, si &hellip; <a href=\"https:\/\/uncertainjacques.fr\/?page_id=305\" class=\"more-link\">Continuer la lecture<span class=\"screen-reader-text\"> de &laquo;&nbsp;DIMANCHE SOIR&nbsp;&raquo;<\/span><\/a><\/p>\n","protected":false},"author":1,"featured_media":0,"parent":0,"menu_order":0,"comment_status":"closed","ping_status":"closed","template":"","meta":{"footnotes":""},"class_list":["post-305","page","type-page","status-publish","hentry"],"_links":{"self":[{"href":"https:\/\/uncertainjacques.fr\/index.php?rest_route=\/wp\/v2\/pages\/305","targetHints":{"allow":["GET"]}}],"collection":[{"href":"https:\/\/uncertainjacques.fr\/index.php?rest_route=\/wp\/v2\/pages"}],"about":[{"href":"https:\/\/uncertainjacques.fr\/index.php?rest_route=\/wp\/v2\/types\/page"}],"author":[{"embeddable":true,"href":"https:\/\/uncertainjacques.fr\/index.php?rest_route=\/wp\/v2\/users\/1"}],"replies":[{"embeddable":true,"href":"https:\/\/uncertainjacques.fr\/index.php?rest_route=%2Fwp%2Fv2%2Fcomments&post=305"}],"version-history":[{"count":2,"href":"https:\/\/uncertainjacques.fr\/index.php?rest_route=\/wp\/v2\/pages\/305\/revisions"}],"predecessor-version":[{"id":1621,"href":"https:\/\/uncertainjacques.fr\/index.php?rest_route=\/wp\/v2\/pages\/305\/revisions\/1621"}],"wp:attachment":[{"href":"https:\/\/uncertainjacques.fr\/index.php?rest_route=%2Fwp%2Fv2%2Fmedia&parent=305"}],"curies":[{"name":"wp","href":"https:\/\/api.w.org\/{rel}","templated":true}]}}