{"id":303,"date":"2019-11-10T09:30:12","date_gmt":"2019-11-10T08:30:12","guid":{"rendered":"http:\/\/uncertainjacques.fr\/?page_id=303"},"modified":"2020-04-01T06:15:37","modified_gmt":"2020-04-01T04:15:37","slug":"jaime-les-mots","status":"publish","type":"page","link":"https:\/\/uncertainjacques.fr\/?page_id=303","title":{"rendered":"J&rsquo;aime les mots"},"content":{"rendered":"\n<p>Amoureux de la syllabe,<br>\nBelle fable \u00e0 huit pieds<br>\nQui se r\u00e9duit \u00e0 sept<br>\nEt retombe sur six\u2026<\/p>\n\n\n\n<p>Petite main des mots<br>\nCousant sur le grimoire<br>\nDe petites histoires<br>\nCoulant au fil de l\u2019eau\u2026<\/p>\n\n\n\n<p>\u00c0 l\u2019humaine condition,<br>\n\u00c9motives allusions,<br>\nFrissonne \u00e0 l\u2019unisson<br>\nLa conjonction des rimes.<\/p>\n\n\n\n<p>Icare aux ailes de cire,<br>\n\u00c0 tire d\u2019aile, une plume,<br>\nRenforce mon d\u00e9sir<br>\nD\u2019\u00e9crire \u00e0 l\u2019encre lune\u2026<\/p>\n\n\n\n<p>Sur son fil d\u2019Ariane,<br>\nFunambule des mots,<br>\nDans une r\u00e9volution,<br>\nSaisit en vol les sons\u2026.<\/p>\n\n\n\n<p>Dans la garrigue,<br>\nSous le soleil br\u00fblant,<br>\nLa nature et ses bruits,<br>\nLes cigales font cri cri.<\/p>\n\n\n\n<p>Jouant avec les mots<br>\n\u00c0 la vie qui dit oui<br>\nEn qu\u00eate du gros lot<br>\nToujours elle joue oui.<\/p>\n\n\n\n<p>JHJ<\/p>\n\n\n\n<p>03032006    <\/p>\n\n\n\n<figure class=\"wp-block-image size-large\"><img loading=\"lazy\" decoding=\"async\" width=\"40\" height=\"40\" src=\"https:\/\/uncertainjacques.fr\/wp-content\/uploads\/2019\/11\/image.png\" alt=\"\" class=\"wp-image-198\"\/><\/figure>\n\n\n\n<p class=\"has-text-align-center\"><a href=\"https:\/\/uncertainjacques.fr\/?p=310\">pr\u00e9c\u00e9dent <\/a>\/ <a href=\"https:\/\/uncertainjacques.fr\/?p=253\">Suivant<\/a><\/p>\n","protected":false},"excerpt":{"rendered":"<p>Amoureux de la syllabe, Belle fable \u00e0 huit pieds Qui se r\u00e9duit \u00e0 sept Et retombe sur six\u2026 Petite main des mots Cousant sur le grimoire De petites histoires Coulant au fil de l\u2019eau\u2026 \u00c0 l\u2019humaine condition, \u00c9motives allusions, Frissonne \u00e0 l\u2019unisson La conjonction des rimes. Icare aux ailes de cire, \u00c0 tire d\u2019aile, une &hellip; <a href=\"https:\/\/uncertainjacques.fr\/?page_id=303\" class=\"more-link\">Continuer la lecture<span class=\"screen-reader-text\"> de &laquo;&nbsp;J&rsquo;aime les mots&nbsp;&raquo;<\/span><\/a><\/p>\n","protected":false},"author":1,"featured_media":0,"parent":0,"menu_order":0,"comment_status":"closed","ping_status":"closed","template":"","meta":{"footnotes":""},"class_list":["post-303","page","type-page","status-publish","hentry"],"_links":{"self":[{"href":"https:\/\/uncertainjacques.fr\/index.php?rest_route=\/wp\/v2\/pages\/303","targetHints":{"allow":["GET"]}}],"collection":[{"href":"https:\/\/uncertainjacques.fr\/index.php?rest_route=\/wp\/v2\/pages"}],"about":[{"href":"https:\/\/uncertainjacques.fr\/index.php?rest_route=\/wp\/v2\/types\/page"}],"author":[{"embeddable":true,"href":"https:\/\/uncertainjacques.fr\/index.php?rest_route=\/wp\/v2\/users\/1"}],"replies":[{"embeddable":true,"href":"https:\/\/uncertainjacques.fr\/index.php?rest_route=%2Fwp%2Fv2%2Fcomments&post=303"}],"version-history":[{"count":3,"href":"https:\/\/uncertainjacques.fr\/index.php?rest_route=\/wp\/v2\/pages\/303\/revisions"}],"predecessor-version":[{"id":1618,"href":"https:\/\/uncertainjacques.fr\/index.php?rest_route=\/wp\/v2\/pages\/303\/revisions\/1618"}],"wp:attachment":[{"href":"https:\/\/uncertainjacques.fr\/index.php?rest_route=%2Fwp%2Fv2%2Fmedia&parent=303"}],"curies":[{"name":"wp","href":"https:\/\/api.w.org\/{rel}","templated":true}]}}