{"id":289,"date":"2019-11-10T09:12:13","date_gmt":"2019-11-10T08:12:13","guid":{"rendered":"http:\/\/uncertainjacques.fr\/?page_id=289"},"modified":"2020-03-31T18:55:45","modified_gmt":"2020-03-31T16:55:45","slug":"dire-straits-2","status":"publish","type":"page","link":"https:\/\/uncertainjacques.fr\/?page_id=289","title":{"rendered":"Dire straits"},"content":{"rendered":"\n<p>Les doigts sur sa guitare<br>\nMarc Knopfler se ballade<br>\nDans une divine aubade&nbsp;<\/p>\n\n\n\n<p>Far west z\u00e9 cheveaux<br>\nPionniers dans la contr\u00e9e<br>\nSon nom Telegraph road<\/p>\n\n\n\n<p>Break\u2026<\/p>\n\n\n\n<p>Musique, \u00e9pop\u00e9e<br>\nGrands espaces<br>\nPrimitifs h\u00e9ros\u2026<\/p>\n\n\n\n<p>Break\u2026<\/p>\n\n\n\n<p>Repartir \u00e0 z\u00e9ro<br>\nHistoire de la conqu\u00eate<br>\nLe r\u00eave am\u00e9ricain<\/p>\n\n\n\n<p>Break\u2026<\/p>\n\n\n\n<p>D\u2019une nature excentrique<br>\nDe paysages f\u00e9\u00e9riques<br>\nEt le mot des magiques<\/p>\n\n\n\n<p>Alchimie<\/p>\n\n\n\n<p>Solo\u2026<\/p>\n\n\n\n<p>JHJ<br>1002006<\/p>\n\n\n\n<figure class=\"wp-block-image size-large\"><img loading=\"lazy\" decoding=\"async\" width=\"40\" height=\"40\" src=\"https:\/\/uncertainjacques.fr\/wp-content\/uploads\/2019\/11\/image.png\" alt=\"\" class=\"wp-image-198\"\/><\/figure>\n\n\n\n<p class=\"has-text-align-center\"><a href=\"https:\/\/uncertainjacques.fr\/?p=126\">pr\u00e9c\u00e9dent <\/a>\/ <a href=\"https:\/\/uncertainjacques.fr\/?p=285\">Suivant<\/a><\/p>\n","protected":false},"excerpt":{"rendered":"<p>Les doigts sur sa guitare Marc Knopfler se ballade Dans une divine aubade&nbsp; Far west z\u00e9 cheveaux Pionniers dans la contr\u00e9e Son nom Telegraph road Break\u2026 Musique, \u00e9pop\u00e9e Grands espaces Primitifs h\u00e9ros\u2026 Break\u2026 Repartir \u00e0 z\u00e9ro Histoire de la conqu\u00eate Le r\u00eave am\u00e9ricain Break\u2026 D\u2019une nature excentrique De paysages f\u00e9\u00e9riques Et le mot des magiques &hellip; <a href=\"https:\/\/uncertainjacques.fr\/?page_id=289\" class=\"more-link\">Continuer la lecture<span class=\"screen-reader-text\"> de &laquo;&nbsp;Dire straits&nbsp;&raquo;<\/span><\/a><\/p>\n","protected":false},"author":1,"featured_media":0,"parent":0,"menu_order":0,"comment_status":"closed","ping_status":"closed","template":"","meta":{"footnotes":""},"class_list":["post-289","page","type-page","status-publish","hentry"],"_links":{"self":[{"href":"https:\/\/uncertainjacques.fr\/index.php?rest_route=\/wp\/v2\/pages\/289","targetHints":{"allow":["GET"]}}],"collection":[{"href":"https:\/\/uncertainjacques.fr\/index.php?rest_route=\/wp\/v2\/pages"}],"about":[{"href":"https:\/\/uncertainjacques.fr\/index.php?rest_route=\/wp\/v2\/types\/page"}],"author":[{"embeddable":true,"href":"https:\/\/uncertainjacques.fr\/index.php?rest_route=\/wp\/v2\/users\/1"}],"replies":[{"embeddable":true,"href":"https:\/\/uncertainjacques.fr\/index.php?rest_route=%2Fwp%2Fv2%2Fcomments&post=289"}],"version-history":[{"count":2,"href":"https:\/\/uncertainjacques.fr\/index.php?rest_route=\/wp\/v2\/pages\/289\/revisions"}],"predecessor-version":[{"id":1608,"href":"https:\/\/uncertainjacques.fr\/index.php?rest_route=\/wp\/v2\/pages\/289\/revisions\/1608"}],"wp:attachment":[{"href":"https:\/\/uncertainjacques.fr\/index.php?rest_route=%2Fwp%2Fv2%2Fmedia&parent=289"}],"curies":[{"name":"wp","href":"https:\/\/api.w.org\/{rel}","templated":true}]}}