{"id":285,"date":"2019-11-10T09:08:34","date_gmt":"2019-11-10T08:08:34","guid":{"rendered":"http:\/\/uncertainjacques.fr\/?page_id=285"},"modified":"2020-03-31T18:56:35","modified_gmt":"2020-03-31T16:56:35","slug":"la-mouche-2","status":"publish","type":"page","link":"https:\/\/uncertainjacques.fr\/?page_id=285","title":{"rendered":"La mouche"},"content":{"rendered":"\n<p>J\u2019esquive,<br>\nJe pare,<br>\nJe feinte<br>\nEt je touche\u2026<\/p>\n\n\n\n<p>Escarmouche sous la douche,<br>\nPointe d\u2019acier tremp\u00e9e,<br>\nEffil\u00e9 fusil de la vie<br>\nConvient \u00e0 tes envies.<\/p>\n\n\n\n<p>La dentelle blanche,<br>\nCe christique oripeau<br>\nPlaqu\u00e9 contre ta peau<br>\nCrispe sur toi mes doigts.<\/p>\n\n\n\n<p>Caresses, fr\u00eales approches,<br>\nMaintenant je d\u00e9croche<br>\nEt te laisse, petite mouche,<br>\nDevenir le coche.<\/p>\n\n\n\n<p>Drosophile en r\u00e9sille<br>\nSans peine d\u00e9gaine,<br>\nPetite queue amen<br>\nLe plaisir de la vrille.<\/p>\n\n\n\n<p>Carpaccio d\u2019abricot<br>\nPri\u00e8res \u00e0 la lune<br>\nRondeur de tes seins<br>\nProfondeur de tes reins<\/p>\n\n\n\n<p>Mont\u00e9e d\u2019hormones,<br>\nMiel cr\u00e9meux,<br>\nP\u00each\u00e9 de gourmandise,<br>\nExplosion des neurones\u2026<\/p>\n\n\n\n<p>Loin de toi,<br>Belle mouche,<br>L\u2019id\u00e9e de devenir,<br>Une saint Nitouche.<\/p>\n\n\n\n<p>24022006<br>JHJ                <\/p>\n\n\n\n<figure class=\"wp-block-image size-large\"><img loading=\"lazy\" decoding=\"async\" width=\"40\" height=\"40\" src=\"https:\/\/uncertainjacques.fr\/wp-content\/uploads\/2019\/11\/image.png\" alt=\"\" class=\"wp-image-198\"\/><\/figure>\n\n\n\n<p class=\"has-text-align-center\"><a href=\"https:\/\/uncertainjacques.fr\/?p=289\">pr\u00e9c\u00e9dent <\/a>\/ <a href=\"https:\/\/uncertainjacques.fr\/?p=240\">Suivant<\/a><\/p>\n","protected":false},"excerpt":{"rendered":"<p>J\u2019esquive, Je pare, Je feinte Et je touche\u2026 Escarmouche sous la douche, Pointe d\u2019acier tremp\u00e9e, Effil\u00e9 fusil de la vie Convient \u00e0 tes envies. La dentelle blanche, Ce christique oripeau Plaqu\u00e9 contre ta peau Crispe sur toi mes doigts. Caresses, fr\u00eales approches, Maintenant je d\u00e9croche Et te laisse, petite mouche, Devenir le coche. Drosophile en &hellip; <a href=\"https:\/\/uncertainjacques.fr\/?page_id=285\" class=\"more-link\">Continuer la lecture<span class=\"screen-reader-text\"> de &laquo;&nbsp;La mouche&nbsp;&raquo;<\/span><\/a><\/p>\n","protected":false},"author":1,"featured_media":0,"parent":0,"menu_order":0,"comment_status":"closed","ping_status":"closed","template":"","meta":{"footnotes":""},"class_list":["post-285","page","type-page","status-publish","hentry"],"_links":{"self":[{"href":"https:\/\/uncertainjacques.fr\/index.php?rest_route=\/wp\/v2\/pages\/285","targetHints":{"allow":["GET"]}}],"collection":[{"href":"https:\/\/uncertainjacques.fr\/index.php?rest_route=\/wp\/v2\/pages"}],"about":[{"href":"https:\/\/uncertainjacques.fr\/index.php?rest_route=\/wp\/v2\/types\/page"}],"author":[{"embeddable":true,"href":"https:\/\/uncertainjacques.fr\/index.php?rest_route=\/wp\/v2\/users\/1"}],"replies":[{"embeddable":true,"href":"https:\/\/uncertainjacques.fr\/index.php?rest_route=%2Fwp%2Fv2%2Fcomments&post=285"}],"version-history":[{"count":3,"href":"https:\/\/uncertainjacques.fr\/index.php?rest_route=\/wp\/v2\/pages\/285\/revisions"}],"predecessor-version":[{"id":1609,"href":"https:\/\/uncertainjacques.fr\/index.php?rest_route=\/wp\/v2\/pages\/285\/revisions\/1609"}],"wp:attachment":[{"href":"https:\/\/uncertainjacques.fr\/index.php?rest_route=%2Fwp%2Fv2%2Fmedia&parent=285"}],"curies":[{"name":"wp","href":"https:\/\/api.w.org\/{rel}","templated":true}]}}