{"id":277,"date":"2019-11-10T08:56:04","date_gmt":"2019-11-10T07:56:04","guid":{"rendered":"http:\/\/uncertainjacques.fr\/?page_id=277"},"modified":"2020-03-31T19:10:40","modified_gmt":"2020-03-31T17:10:40","slug":"nickel-chrome-2","status":"publish","type":"page","link":"https:\/\/uncertainjacques.fr\/?page_id=277","title":{"rendered":"Nickel chrome"},"content":{"rendered":"\n<p>Dans les phares de l\u2019Aston, Martin v\u00eatu de cuir,<br>\nFait reluire le bonhomme, Don Juan de l\u2019Oisans.<\/p>\n\n\n\n<p>\u00c9chappement vrombissant aux chromes rutilants<br>\nAttisent curiosit\u00e9 de bimbos excit\u00e9es\u2026<\/p>\n\n\n\n<p>Leurs strings incrust\u00e9s dans belle intimit\u00e9<br>\nRuissellent du matou \u00ab&nbsp;minou minou minou&nbsp;\u00bb<\/p>\n\n\n\n<p>Extase d\u2019extatiques, des besoins tyranniques,<br>\nG\u00e9missant de plaisir, elles crient sans retenue&nbsp;:<\/p>\n\n\n\n<p>\u00ab&nbsp;Nickel chrome, fuck me homme&nbsp;\u00bb<\/p>\n\n\n\n<p>Mont\u00e9e dans les nuages, aiguilles dans le rouge,<br>\nGris\u00e9 par les virages, Martin reste impavide<br>\nSa t\u00eate mise en orbite, sensations satellites,<br>\nApesanteur des cimes, la vitesse le sublime.<\/p>\n\n\n\n<p>Infernal vroum vroum\u2026 S\u2019enchainent les lacets\u2026<\/p>\n\n\n\n<p>Ripe, freine, r\u00e9trograde, braque, acc\u00e9l\u00e8re\u2026<br>\nAston martin 1964, <br>\n12 cylindres,<br>\n350 chevaux sous le capot\u2026<\/p>\n\n\n\n<p>Io<\/p>\n\n\n\n<p>JHJ<br>24022006<\/p>\n\n\n\n<figure class=\"wp-block-image size-large\"><img loading=\"lazy\" decoding=\"async\" width=\"40\" height=\"40\" src=\"https:\/\/uncertainjacques.fr\/wp-content\/uploads\/2019\/11\/image.png\" alt=\"\" class=\"wp-image-198\"\/><\/figure>\n\n\n\n<p class=\"has-text-align-center\"><a href=\"https:\/\/uncertainjacques.fr\/?p=240\">pr\u00e9c\u00e9dent <\/a>\/ <a href=\"https:\/\/uncertainjacques.fr\/?p=299\">Suivant<\/a><\/p>\n","protected":false},"excerpt":{"rendered":"<p>Dans les phares de l\u2019Aston, Martin v\u00eatu de cuir, Fait reluire le bonhomme, Don Juan de l\u2019Oisans. \u00c9chappement vrombissant aux chromes rutilants Attisent curiosit\u00e9 de bimbos excit\u00e9es\u2026 Leurs strings incrust\u00e9s dans belle intimit\u00e9 Ruissellent du matou \u00ab&nbsp;minou minou minou&nbsp;\u00bb Extase d\u2019extatiques, des besoins tyranniques, G\u00e9missant de plaisir, elles crient sans retenue&nbsp;: \u00ab&nbsp;Nickel chrome, fuck me &hellip; <a href=\"https:\/\/uncertainjacques.fr\/?page_id=277\" class=\"more-link\">Continuer la lecture<span class=\"screen-reader-text\"> de &laquo;&nbsp;Nickel chrome&nbsp;&raquo;<\/span><\/a><\/p>\n","protected":false},"author":1,"featured_media":0,"parent":0,"menu_order":0,"comment_status":"closed","ping_status":"closed","template":"","meta":{"footnotes":""},"class_list":["post-277","page","type-page","status-publish","hentry"],"_links":{"self":[{"href":"https:\/\/uncertainjacques.fr\/index.php?rest_route=\/wp\/v2\/pages\/277","targetHints":{"allow":["GET"]}}],"collection":[{"href":"https:\/\/uncertainjacques.fr\/index.php?rest_route=\/wp\/v2\/pages"}],"about":[{"href":"https:\/\/uncertainjacques.fr\/index.php?rest_route=\/wp\/v2\/types\/page"}],"author":[{"embeddable":true,"href":"https:\/\/uncertainjacques.fr\/index.php?rest_route=\/wp\/v2\/users\/1"}],"replies":[{"embeddable":true,"href":"https:\/\/uncertainjacques.fr\/index.php?rest_route=%2Fwp%2Fv2%2Fcomments&post=277"}],"version-history":[{"count":2,"href":"https:\/\/uncertainjacques.fr\/index.php?rest_route=\/wp\/v2\/pages\/277\/revisions"}],"predecessor-version":[{"id":1611,"href":"https:\/\/uncertainjacques.fr\/index.php?rest_route=\/wp\/v2\/pages\/277\/revisions\/1611"}],"wp:attachment":[{"href":"https:\/\/uncertainjacques.fr\/index.php?rest_route=%2Fwp%2Fv2%2Fmedia&parent=277"}],"curies":[{"name":"wp","href":"https:\/\/api.w.org\/{rel}","templated":true}]}}