{"id":266,"date":"2019-11-10T08:48:06","date_gmt":"2019-11-10T07:48:06","guid":{"rendered":"http:\/\/uncertainjacques.fr\/?page_id=266"},"modified":"2020-04-01T06:22:12","modified_gmt":"2020-04-01T04:22:12","slug":"inne","status":"publish","type":"page","link":"https:\/\/uncertainjacques.fr\/?page_id=266","title":{"rendered":"Inn\u00e9"},"content":{"rendered":"\n<p>Emotif,<br>\nGracile,<br>\nSensible,<br>\nTactile,<\/p>\n\n\n\n<p>Effleure,<br>\nAffleure,<br>\nD\u00e9couvre,<br>\nSurgit,<\/p>\n\n\n\n<p>Un pied,<br>\nUn doigt,<br>\nUn cheveu,<br>\nUne oreille,<\/p>\n\n\n\n<p>Dans un champ,<br>\nAu sommet d\u2019une montagne,<br>\nAu coin du bois,<br>\nDans une grange,<\/p>\n\n\n\n<p>Petite abeille,<br>\nGros ours,<br>\nMyst\u00e9rieuse libellule,<br>\nM\u00e9sange bleue,<\/p>\n\n\n\n<p>Piaille,<br>\nSurgit,<br>\nGrogne,<br>\nFrissonne,<\/p>\n\n\n\n<p>Un kal\u00e9idoscope,<br>\nDeux gyroscopes,<br>\nTrois t\u00e9lescopes,<br>\nQuatre bathyscaphes,<\/p>\n\n\n\n<p>Mots \u00e0 mots,<br>\nGrain \u00e0 moudre<br>\nCaf\u00e9 tout juste torr\u00e9fi\u00e9\u2026<br>\nInstantan\u00e9.<\/p>\n\n\n\n<p>JHJ<br> 240406<\/p>\n\n\n\n<figure class=\"wp-block-image size-large\"><img loading=\"lazy\" decoding=\"async\" width=\"40\" height=\"40\" src=\"https:\/\/uncertainjacques.fr\/wp-content\/uploads\/2019\/11\/image.png\" alt=\"\" class=\"wp-image-198\"\/><\/figure>\n\n\n\n<p class=\"has-text-align-center\"><a href=\"https:\/\/uncertainjacques.fr\/?p=264\">pr\u00e9c\u00e9dent <\/a>\/ <a href=\"https:\/\/uncertainjacques.fr\/?p=683\">Suivant<\/a><\/p>\n","protected":false},"excerpt":{"rendered":"<p>Emotif, Gracile, Sensible, Tactile, Effleure, Affleure, D\u00e9couvre, Surgit, Un pied, Un doigt, Un cheveu, Une oreille, Dans un champ, Au sommet d\u2019une montagne, Au coin du bois, Dans une grange, Petite abeille, Gros ours, Myst\u00e9rieuse libellule, M\u00e9sange bleue, Piaille, Surgit, Grogne, Frissonne, Un kal\u00e9idoscope, Deux gyroscopes, Trois t\u00e9lescopes, Quatre bathyscaphes, Mots \u00e0 mots, Grain \u00e0 &hellip; <a href=\"https:\/\/uncertainjacques.fr\/?page_id=266\" class=\"more-link\">Continuer la lecture<span class=\"screen-reader-text\"> de &laquo;&nbsp;Inn\u00e9&nbsp;&raquo;<\/span><\/a><\/p>\n","protected":false},"author":1,"featured_media":0,"parent":0,"menu_order":0,"comment_status":"closed","ping_status":"closed","template":"","meta":{"footnotes":""},"class_list":["post-266","page","type-page","status-publish","hentry"],"_links":{"self":[{"href":"https:\/\/uncertainjacques.fr\/index.php?rest_route=\/wp\/v2\/pages\/266","targetHints":{"allow":["GET"]}}],"collection":[{"href":"https:\/\/uncertainjacques.fr\/index.php?rest_route=\/wp\/v2\/pages"}],"about":[{"href":"https:\/\/uncertainjacques.fr\/index.php?rest_route=\/wp\/v2\/types\/page"}],"author":[{"embeddable":true,"href":"https:\/\/uncertainjacques.fr\/index.php?rest_route=\/wp\/v2\/users\/1"}],"replies":[{"embeddable":true,"href":"https:\/\/uncertainjacques.fr\/index.php?rest_route=%2Fwp%2Fv2%2Fcomments&post=266"}],"version-history":[{"count":2,"href":"https:\/\/uncertainjacques.fr\/index.php?rest_route=\/wp\/v2\/pages\/266\/revisions"}],"predecessor-version":[{"id":1625,"href":"https:\/\/uncertainjacques.fr\/index.php?rest_route=\/wp\/v2\/pages\/266\/revisions\/1625"}],"wp:attachment":[{"href":"https:\/\/uncertainjacques.fr\/index.php?rest_route=%2Fwp%2Fv2%2Fmedia&parent=266"}],"curies":[{"name":"wp","href":"https:\/\/api.w.org\/{rel}","templated":true}]}}