{"id":264,"date":"2019-11-10T08:47:21","date_gmt":"2019-11-10T07:47:21","guid":{"rendered":"http:\/\/uncertainjacques.fr\/?page_id=264"},"modified":"2020-04-01T06:21:17","modified_gmt":"2020-04-01T04:21:17","slug":"youri","status":"publish","type":"page","link":"https:\/\/uncertainjacques.fr\/?page_id=264","title":{"rendered":"Youri"},"content":{"rendered":"\n<p>Jour anniversaire <br>\nIl y  quarante cinq ans<br>\nTu t\u2019envoyais en l\u2019air<br>\nFaire le tour de la terre<\/p>\n\n\n\n<p>Et ta seule obsession<br>\nDans ton fut de m\u00e9tal<br>\nAu milieu des \u00e9toiles<br>\nEtait&nbsp;: Retour \u00e0 la maison<\/p>\n\n\n\n<p>Cyclone plan\u00e9taire,<br>\nH\u00e9ros d\u2019une doctrine<br>\nSoi disant communiste<br>\nTu devins une ic\u00f4ne.<\/p>\n\n\n\n<p>Mais ce dr\u00f4le de r\u00f4le<br>\nNe te convenait point<br>\nEt pour toucher la lune,<br>\nTu voulus revoler.<\/p>\n\n\n\n<p>En jeune premier,<br>\nTu remis donc le pied<br>\nDans un cockpit<br>\nFait de verre et d\u2019acier.<\/p>\n\n\n\n<p>Dans un foutu virage,<br>\nEn panne d\u2019empennage,<br>\nTout en \u00e9vitant le village,<br>\nTu finis l\u00e0, dans la for\u00eat.<\/p>\n\n\n\n<p>Ici bas \u00e9tait ton h\u00e9ro\u00efsme,<br>\nLes autres plut\u00f4t que soi,<br>\nTu \u00e9tais un bon gars,<br>\nTu avais trente quatre ans.<\/p>\n\n\n\n<p>JHJ<br> 17042006<\/p>\n\n\n\n<figure class=\"wp-block-image size-large\"><img loading=\"lazy\" decoding=\"async\" width=\"40\" height=\"40\" src=\"https:\/\/uncertainjacques.fr\/wp-content\/uploads\/2019\/11\/image.png\" alt=\"\" class=\"wp-image-198\"\/><\/figure>\n\n\n\n<p class=\"has-text-align-center\"><a href=\"https:\/\/uncertainjacques.fr\/?p=262\">pr\u00e9c\u00e9dent <\/a>\/ <a href=\"https:\/\/uncertainjacques.fr\/?p=266\">Suivant<\/a><\/p>\n","protected":false},"excerpt":{"rendered":"<p>Jour anniversaire Il y quarante cinq ans Tu t\u2019envoyais en l\u2019air Faire le tour de la terre Et ta seule obsession Dans ton fut de m\u00e9tal Au milieu des \u00e9toiles Etait&nbsp;: Retour \u00e0 la maison Cyclone plan\u00e9taire, H\u00e9ros d\u2019une doctrine Soi disant communiste Tu devins une ic\u00f4ne. Mais ce dr\u00f4le de r\u00f4le Ne te convenait &hellip; <a href=\"https:\/\/uncertainjacques.fr\/?page_id=264\" class=\"more-link\">Continuer la lecture<span class=\"screen-reader-text\"> de &laquo;&nbsp;Youri&nbsp;&raquo;<\/span><\/a><\/p>\n","protected":false},"author":1,"featured_media":0,"parent":0,"menu_order":0,"comment_status":"closed","ping_status":"closed","template":"","meta":{"footnotes":""},"class_list":["post-264","page","type-page","status-publish","hentry"],"_links":{"self":[{"href":"https:\/\/uncertainjacques.fr\/index.php?rest_route=\/wp\/v2\/pages\/264","targetHints":{"allow":["GET"]}}],"collection":[{"href":"https:\/\/uncertainjacques.fr\/index.php?rest_route=\/wp\/v2\/pages"}],"about":[{"href":"https:\/\/uncertainjacques.fr\/index.php?rest_route=\/wp\/v2\/types\/page"}],"author":[{"embeddable":true,"href":"https:\/\/uncertainjacques.fr\/index.php?rest_route=\/wp\/v2\/users\/1"}],"replies":[{"embeddable":true,"href":"https:\/\/uncertainjacques.fr\/index.php?rest_route=%2Fwp%2Fv2%2Fcomments&post=264"}],"version-history":[{"count":3,"href":"https:\/\/uncertainjacques.fr\/index.php?rest_route=\/wp\/v2\/pages\/264\/revisions"}],"predecessor-version":[{"id":1624,"href":"https:\/\/uncertainjacques.fr\/index.php?rest_route=\/wp\/v2\/pages\/264\/revisions\/1624"}],"wp:attachment":[{"href":"https:\/\/uncertainjacques.fr\/index.php?rest_route=%2Fwp%2Fv2%2Fmedia&parent=264"}],"curies":[{"name":"wp","href":"https:\/\/api.w.org\/{rel}","templated":true}]}}