{"id":260,"date":"2019-11-10T08:43:47","date_gmt":"2019-11-10T07:43:47","guid":{"rendered":"http:\/\/uncertainjacques.fr\/?page_id=260"},"modified":"2020-04-01T06:19:30","modified_gmt":"2020-04-01T04:19:30","slug":"le-vieil-homme-et-son-chien","status":"publish","type":"page","link":"https:\/\/uncertainjacques.fr\/?page_id=260","title":{"rendered":"Le vieil homme et son chien"},"content":{"rendered":"\n<p>Onze heures et demie du soir,<br>\nAlbert prom\u00e8ne son chien,<br>\nSon toutou \u00e0 poil noir<br>\nDans un petit jardin.<\/p>\n\n\n\n<p>Pardessus par-dessous,<br>\nCasquette sur la t\u00eate,<br>\nDans la poche quelques sous,<br>\nPantalon en goguette.<\/p>\n\n\n\n<p>L\u2019animal le devance,<br>\nIl divague et il dance<br>\nSa queue qui se balance,<br>\nSeule signe l\u2019extravagance.<\/p>\n\n\n\n<p>Les pierres parlent<br>\nA ceux qui les \u00e9coutent,<br>\nD\u2019un \u00e9cho qui \u00f4te<br>\nA la parole le doute.<\/p>\n\n\n\n<p>Dedans,<br>\nDehors,<br>\nDessus,<br>\nDessous,<\/p>\n\n\n\n<p>Auparavant,<br>\nD\u00e9sormais,<br>\nDor\u00e9navant, <br>\nDebout.<\/p>\n\n\n\n<p>JHJ<br> 09042006<\/p>\n\n\n\n<figure class=\"wp-block-image size-large\"><img loading=\"lazy\" decoding=\"async\" width=\"40\" height=\"40\" src=\"https:\/\/uncertainjacques.fr\/wp-content\/uploads\/2019\/11\/image.png\" alt=\"\" class=\"wp-image-198\"\/><\/figure>\n\n\n\n<p class=\"has-text-align-center\"><a href=\"https:\/\/uncertainjacques.fr\/?p=305\">pr\u00e9c\u00e9dent <\/a>\/ <a href=\"https:\/\/uncertainjacques.fr\/?p=262\">Suivant<\/a><\/p>\n","protected":false},"excerpt":{"rendered":"<p>Onze heures et demie du soir, Albert prom\u00e8ne son chien, Son toutou \u00e0 poil noir Dans un petit jardin. Pardessus par-dessous, Casquette sur la t\u00eate, Dans la poche quelques sous, Pantalon en goguette. L\u2019animal le devance, Il divague et il dance Sa queue qui se balance, Seule signe l\u2019extravagance. Les pierres parlent A ceux qui &hellip; <a href=\"https:\/\/uncertainjacques.fr\/?page_id=260\" class=\"more-link\">Continuer la lecture<span class=\"screen-reader-text\"> de &laquo;&nbsp;Le vieil homme et son chien&nbsp;&raquo;<\/span><\/a><\/p>\n","protected":false},"author":1,"featured_media":0,"parent":0,"menu_order":0,"comment_status":"closed","ping_status":"closed","template":"","meta":{"footnotes":""},"class_list":["post-260","page","type-page","status-publish","hentry"],"_links":{"self":[{"href":"https:\/\/uncertainjacques.fr\/index.php?rest_route=\/wp\/v2\/pages\/260","targetHints":{"allow":["GET"]}}],"collection":[{"href":"https:\/\/uncertainjacques.fr\/index.php?rest_route=\/wp\/v2\/pages"}],"about":[{"href":"https:\/\/uncertainjacques.fr\/index.php?rest_route=\/wp\/v2\/types\/page"}],"author":[{"embeddable":true,"href":"https:\/\/uncertainjacques.fr\/index.php?rest_route=\/wp\/v2\/users\/1"}],"replies":[{"embeddable":true,"href":"https:\/\/uncertainjacques.fr\/index.php?rest_route=%2Fwp%2Fv2%2Fcomments&post=260"}],"version-history":[{"count":3,"href":"https:\/\/uncertainjacques.fr\/index.php?rest_route=\/wp\/v2\/pages\/260\/revisions"}],"predecessor-version":[{"id":1622,"href":"https:\/\/uncertainjacques.fr\/index.php?rest_route=\/wp\/v2\/pages\/260\/revisions\/1622"}],"wp:attachment":[{"href":"https:\/\/uncertainjacques.fr\/index.php?rest_route=%2Fwp%2Fv2%2Fmedia&parent=260"}],"curies":[{"name":"wp","href":"https:\/\/api.w.org\/{rel}","templated":true}]}}