{"id":255,"date":"2019-11-10T08:41:54","date_gmt":"2019-11-10T07:41:54","guid":{"rendered":"http:\/\/uncertainjacques.fr\/?page_id=255"},"modified":"2020-04-01T06:17:38","modified_gmt":"2020-04-01T04:17:38","slug":"comedia-delarte","status":"publish","type":"page","link":"https:\/\/uncertainjacques.fr\/?page_id=255","title":{"rendered":"Comedia del&rsquo;arte"},"content":{"rendered":"\n<p>Divine com\u00e9die qu\u2019est la vie,<br>\nLa musique me traine<br>\nSur les pas de Verlaine.<\/p>\n\n\n\n<p>Jouant les variations,<br>\nLes plumes en pleins et d\u00e9li\u00e9s<br>\nCouchent des \u00e9motions<br>\nA peine imagin\u00e9es.<\/p>\n\n\n\n<p>Dans ce myst\u00e8re de la cr\u00e9ation,<br>\nL\u2019artiste, impromptu, se transforme<br>\nEvolution, en artisan, petite main nue.<\/p>\n\n\n\n<p>Aux fulgurances de l\u2019instant,<br>\nSucc\u00e8dent les errances du moment<br>\nModifiant \u00e0 la marge <br>\nCe premier jet d\u2019images.<\/p>\n\n\n\n<p>De quel talent te pr\u00e9vaux-tu <br>\nPour ainsi croire mon fr\u00e8re<br>\nQue la rature n\u2019est pas<br>\nLe signe du po\u00e8te qui erre&nbsp;?<\/p>\n\n\n\n<p>Le plus dur reste \u00e0 faire<br>\nEcrire en comparaison<br>\nN\u2019est qu\u2019une aimable distraction.<\/p>\n\n\n\n<p>Lu, c\u2019est pas une affaire\u2026<br>\nMise en sc\u00e8ne th\u00e9\u00e2trale<br>\nSur un fond musical,<br>\nJe pr\u00e9f\u00e8re.<\/p>\n\n\n\n<p>JHJ<br> 24032006<\/p>\n\n\n\n<figure class=\"wp-block-image size-large\"><img loading=\"lazy\" decoding=\"async\" width=\"40\" height=\"40\" src=\"https:\/\/uncertainjacques.fr\/wp-content\/uploads\/2019\/11\/image.png\" alt=\"\" class=\"wp-image-198\"\/><\/figure>\n\n\n\n<p class=\"has-text-align-center\"><a href=\"https:\/\/uncertainjacques.fr\/?p=253\">pr\u00e9c\u00e9dent <\/a>\/ <a href=\"https:\/\/uncertainjacques.fr\/?p=305\">Suivant<\/a><\/p>\n","protected":false},"excerpt":{"rendered":"<p>Divine com\u00e9die qu\u2019est la vie, La musique me traine Sur les pas de Verlaine. Jouant les variations, Les plumes en pleins et d\u00e9li\u00e9s Couchent des \u00e9motions A peine imagin\u00e9es. Dans ce myst\u00e8re de la cr\u00e9ation, L\u2019artiste, impromptu, se transforme Evolution, en artisan, petite main nue. Aux fulgurances de l\u2019instant, Succ\u00e8dent les errances du moment Modifiant &hellip; <a href=\"https:\/\/uncertainjacques.fr\/?page_id=255\" class=\"more-link\">Continuer la lecture<span class=\"screen-reader-text\"> de &laquo;&nbsp;Comedia del&rsquo;arte&nbsp;&raquo;<\/span><\/a><\/p>\n","protected":false},"author":1,"featured_media":0,"parent":0,"menu_order":0,"comment_status":"closed","ping_status":"closed","template":"","meta":{"footnotes":""},"class_list":["post-255","page","type-page","status-publish","hentry"],"_links":{"self":[{"href":"https:\/\/uncertainjacques.fr\/index.php?rest_route=\/wp\/v2\/pages\/255","targetHints":{"allow":["GET"]}}],"collection":[{"href":"https:\/\/uncertainjacques.fr\/index.php?rest_route=\/wp\/v2\/pages"}],"about":[{"href":"https:\/\/uncertainjacques.fr\/index.php?rest_route=\/wp\/v2\/types\/page"}],"author":[{"embeddable":true,"href":"https:\/\/uncertainjacques.fr\/index.php?rest_route=\/wp\/v2\/users\/1"}],"replies":[{"embeddable":true,"href":"https:\/\/uncertainjacques.fr\/index.php?rest_route=%2Fwp%2Fv2%2Fcomments&post=255"}],"version-history":[{"count":3,"href":"https:\/\/uncertainjacques.fr\/index.php?rest_route=\/wp\/v2\/pages\/255\/revisions"}],"predecessor-version":[{"id":1620,"href":"https:\/\/uncertainjacques.fr\/index.php?rest_route=\/wp\/v2\/pages\/255\/revisions\/1620"}],"wp:attachment":[{"href":"https:\/\/uncertainjacques.fr\/index.php?rest_route=%2Fwp%2Fv2%2Fmedia&parent=255"}],"curies":[{"name":"wp","href":"https:\/\/api.w.org\/{rel}","templated":true}]}}