{"id":253,"date":"2019-11-10T08:41:13","date_gmt":"2019-11-10T07:41:13","guid":{"rendered":"http:\/\/uncertainjacques.fr\/?page_id=253"},"modified":"2020-04-01T06:16:38","modified_gmt":"2020-04-01T04:16:38","slug":"napalm","status":"publish","type":"page","link":"https:\/\/uncertainjacques.fr\/?page_id=253","title":{"rendered":"Napalm"},"content":{"rendered":"\n<p>Bonheur \u00e9radiqu\u00e9<br>\nAlors qu\u2019il irradiait<br>\nLes pr\u00e9s et les rizi\u00e8res<br>\nDe cette belle contr\u00e9e<\/p>\n\n\n\n<p>Bris\u00e9 par cette bombe<br>\nFruit de la modernit\u00e9<br>\nEt de sa vanit\u00e9.<br>\nQuelle h\u00e9catombe&nbsp;!<\/p>\n\n\n\n<p>Plus de femmes<br>\nPour repiquer les pousses<br>\nPlus de pousse pousse non plus<br>\nPour occuper les rues<\/p>\n\n\n\n<p>Vietminh, Vi\u00eat-Cong,<br>\nVietnam, napalm<br>\nDans la baie d\u2019Halong,<br>\nGlissent onze jonques oblongues\u2026<\/p>\n\n\n\n<p>Dans leurs flancs,<br>\nNi bravaches, ni l\u00e2ches&nbsp;;<br>\nHommes et femmes<br>\nEnsemble attel\u00e9s \u00e0 la tache<\/p>\n\n\n\n<p>Pour qu\u2019\u00e0 l\u2019horizon,<br>\nSe dessine un avenir<br>\nSur cette terre asiate\u2019<br>\nBerceau du Ying et du yang<\/p>\n\n\n\n<p>L\u2019indig\u00e8ne roseau plie<br>\nSous la f\u00e9rule yankee,<br>\nDes millions de fourmis <br>\nMettent le tigre \u00e0 terre<\/p>\n\n\n\n<p>En tissant sans rel\u00e2che<br>\nTout un r\u00e9seau de caches<br>\nAdieu yankees junkies<br>\nL\u2019Asie pour cimeti\u00e8re.<\/p>\n\n\n\n<p>JHJ<br> 040302006<\/p>\n\n\n\n<figure class=\"wp-block-image size-large\"><img loading=\"lazy\" decoding=\"async\" width=\"40\" height=\"40\" src=\"https:\/\/uncertainjacques.fr\/wp-content\/uploads\/2019\/11\/image.png\" alt=\"\" class=\"wp-image-198\"\/><\/figure>\n\n\n\n<p class=\"has-text-align-center\"><a href=\"https:\/\/uncertainjacques.fr\/?p=303\">pr\u00e9c\u00e9dent <\/a>\/ <a href=\"https:\/\/uncertainjacques.fr\/?p=255\">Suivant<\/a><\/p>\n","protected":false},"excerpt":{"rendered":"<p>Bonheur \u00e9radiqu\u00e9 Alors qu\u2019il irradiait Les pr\u00e9s et les rizi\u00e8res De cette belle contr\u00e9e Bris\u00e9 par cette bombe Fruit de la modernit\u00e9 Et de sa vanit\u00e9. Quelle h\u00e9catombe&nbsp;! Plus de femmes Pour repiquer les pousses Plus de pousse pousse non plus Pour occuper les rues Vietminh, Vi\u00eat-Cong, Vietnam, napalm Dans la baie d\u2019Halong, Glissent onze &hellip; <a href=\"https:\/\/uncertainjacques.fr\/?page_id=253\" class=\"more-link\">Continuer la lecture<span class=\"screen-reader-text\"> de &laquo;&nbsp;Napalm&nbsp;&raquo;<\/span><\/a><\/p>\n","protected":false},"author":1,"featured_media":0,"parent":0,"menu_order":0,"comment_status":"closed","ping_status":"closed","template":"","meta":{"footnotes":""},"class_list":["post-253","page","type-page","status-publish","hentry"],"_links":{"self":[{"href":"https:\/\/uncertainjacques.fr\/index.php?rest_route=\/wp\/v2\/pages\/253","targetHints":{"allow":["GET"]}}],"collection":[{"href":"https:\/\/uncertainjacques.fr\/index.php?rest_route=\/wp\/v2\/pages"}],"about":[{"href":"https:\/\/uncertainjacques.fr\/index.php?rest_route=\/wp\/v2\/types\/page"}],"author":[{"embeddable":true,"href":"https:\/\/uncertainjacques.fr\/index.php?rest_route=\/wp\/v2\/users\/1"}],"replies":[{"embeddable":true,"href":"https:\/\/uncertainjacques.fr\/index.php?rest_route=%2Fwp%2Fv2%2Fcomments&post=253"}],"version-history":[{"count":3,"href":"https:\/\/uncertainjacques.fr\/index.php?rest_route=\/wp\/v2\/pages\/253\/revisions"}],"predecessor-version":[{"id":1619,"href":"https:\/\/uncertainjacques.fr\/index.php?rest_route=\/wp\/v2\/pages\/253\/revisions\/1619"}],"wp:attachment":[{"href":"https:\/\/uncertainjacques.fr\/index.php?rest_route=%2Fwp%2Fv2%2Fmedia&parent=253"}],"curies":[{"name":"wp","href":"https:\/\/api.w.org\/{rel}","templated":true}]}}