{"id":244,"date":"2019-11-10T08:36:55","date_gmt":"2019-11-10T07:36:55","guid":{"rendered":"http:\/\/uncertainjacques.fr\/?page_id=244"},"modified":"2020-03-31T19:15:11","modified_gmt":"2020-03-31T17:15:11","slug":"rythme-peripherique","status":"publish","type":"page","link":"https:\/\/uncertainjacques.fr\/?page_id=244","title":{"rendered":"Rythme p\u00e9riph\u00e9rique"},"content":{"rendered":"\n<p>Bottes de sept lieues \u00e0 six pieds dans le neuf trois<br>\nPour franchir les gu\u00e9s et d\u00e9crire la banlieue,<br>\nP\u00e9riph\u00e9rie sans \u00e9g\u00e9rie, \u00e0 l\u2019heure du rap zap zap<br>\nDe ces gars qui, sans aigreur, font balancer l\u2019ennui.<\/p>\n\n\n\n<p>Le verlan est de mise et la joute verbale,<br>\nProc\u00e9d\u00e9 d\u2019invention habille le banal.<br>\nPo\u00e8tes du b\u00e9ton, la rime vous anime,<br>\nLogarithme musical qui m\u00e8ne vers les cimes.<\/p>\n\n\n\n<p>Tac au tac culturel fait de bric et de broc,<br>\nD\u00e9crivant les ressorts d\u2019une arnaque collective,<br>\nSoci\u00e9t\u00e9 de la peur aux utopies bien flasques<br>\nSans \u00e9thique politique ni m\u00eame sentimentale.<\/p>\n\n\n\n<p>Flash ball, radars automatiques, injustices criantes,<br>\nDans ce face \u00e0 face sans visage d\u2019un \u00e9tat d\u00e9cadent,<br>\nVous \u00eates les romantiques, l\u2019honneur en s\u00e9mantique,<br>\nMes fr\u00e8res de combat dont la prose est l\u2019osmose.<\/p>\n\n\n\n<p>JHJ<br>02032006<\/p>\n\n\n\n<figure class=\"wp-block-image size-large\"><img loading=\"lazy\" decoding=\"async\" width=\"40\" height=\"40\" src=\"https:\/\/uncertainjacques.fr\/wp-content\/uploads\/2019\/11\/image.png\" alt=\"\" class=\"wp-image-198\"\/><\/figure>\n\n\n\n<p class=\"has-text-align-center\"><a href=\"https:\/\/uncertainjacques.fr\/?p=244\">pr\u00e9c\u00e9dent <\/a>\/ <a href=\"https:\/\/uncertainjacques.fr\/?p=310\">Suivant<\/a><\/p>\n","protected":false},"excerpt":{"rendered":"<p>Bottes de sept lieues \u00e0 six pieds dans le neuf trois Pour franchir les gu\u00e9s et d\u00e9crire la banlieue, P\u00e9riph\u00e9rie sans \u00e9g\u00e9rie, \u00e0 l\u2019heure du rap zap zap De ces gars qui, sans aigreur, font balancer l\u2019ennui. Le verlan est de mise et la joute verbale, Proc\u00e9d\u00e9 d\u2019invention habille le banal. Po\u00e8tes du b\u00e9ton, la &hellip; <a href=\"https:\/\/uncertainjacques.fr\/?page_id=244\" class=\"more-link\">Continuer la lecture<span class=\"screen-reader-text\"> de &laquo;&nbsp;Rythme p\u00e9riph\u00e9rique&nbsp;&raquo;<\/span><\/a><\/p>\n","protected":false},"author":1,"featured_media":0,"parent":0,"menu_order":0,"comment_status":"closed","ping_status":"closed","template":"","meta":{"footnotes":""},"class_list":["post-244","page","type-page","status-publish","hentry"],"_links":{"self":[{"href":"https:\/\/uncertainjacques.fr\/index.php?rest_route=\/wp\/v2\/pages\/244","targetHints":{"allow":["GET"]}}],"collection":[{"href":"https:\/\/uncertainjacques.fr\/index.php?rest_route=\/wp\/v2\/pages"}],"about":[{"href":"https:\/\/uncertainjacques.fr\/index.php?rest_route=\/wp\/v2\/types\/page"}],"author":[{"embeddable":true,"href":"https:\/\/uncertainjacques.fr\/index.php?rest_route=\/wp\/v2\/users\/1"}],"replies":[{"embeddable":true,"href":"https:\/\/uncertainjacques.fr\/index.php?rest_route=%2Fwp%2Fv2%2Fcomments&post=244"}],"version-history":[{"count":4,"href":"https:\/\/uncertainjacques.fr\/index.php?rest_route=\/wp\/v2\/pages\/244\/revisions"}],"predecessor-version":[{"id":1615,"href":"https:\/\/uncertainjacques.fr\/index.php?rest_route=\/wp\/v2\/pages\/244\/revisions\/1615"}],"wp:attachment":[{"href":"https:\/\/uncertainjacques.fr\/index.php?rest_route=%2Fwp%2Fv2%2Fmedia&parent=244"}],"curies":[{"name":"wp","href":"https:\/\/api.w.org\/{rel}","templated":true}]}}