{"id":240,"date":"2019-11-10T08:35:37","date_gmt":"2019-11-10T07:35:37","guid":{"rendered":"http:\/\/uncertainjacques.fr\/?page_id=240"},"modified":"2020-03-31T18:57:32","modified_gmt":"2020-03-31T16:57:32","slug":"peinture","status":"publish","type":"page","link":"https:\/\/uncertainjacques.fr\/?page_id=240","title":{"rendered":"Peinture"},"content":{"rendered":"\n<p>Le Titien, Caravage, Rembrandt, De Vinci,<br>\nIls \u00e9taient des g\u00e9nies, la peinture leur vie<br>\nEt leurs traces laiss\u00e9es toutes d\u00e9dicac\u00e9es.<\/p>\n\n\n\n<p>Jamais indiff\u00e9rents \u00e0 la beaut\u00e9 du monde,<br>\nAvec pour expression \u00ab&nbsp;Etalons le pigment&nbsp;\u00bb<br>\nDe ces belles juments aux formes g\u00e9n\u00e9reuses,<br>\nUn temps o\u00f9 les pulpeuses \u00e9taient au firmament.<\/p>\n\n\n\n<p>Epoque r\u00e9volue, modifications indig\u00e8nes<br>\nLes ont fait dispara\u00eetre O beaut\u00e9s redondantes&nbsp;;<\/p>\n\n\n\n<p>Seules, quelques fleurs, de n\u00e9nuphar subsistent.<\/p>\n\n\n\n<p>Ferments d\u2019une adulte \u00e8re, o\u00f9 la chute de reins,<br>\nG\u00e9n\u00e9reuse et sinc\u00e8re, fusait, fusain, dessin\u2026<\/p>\n\n\n\n<p>Ode \u00e0 la cr\u00e9ation,<br>\nUne r\u00e9cr\u00e9ation,<br>\nUn hommage \u00e0 la vie,<br>\nEn elle est le g\u00e9nie.<\/p>\n\n\n\n<p>JHJ<br>25022006<\/p>\n\n\n\n<figure class=\"wp-block-image size-large\"><img loading=\"lazy\" decoding=\"async\" width=\"40\" height=\"40\" src=\"https:\/\/uncertainjacques.fr\/wp-content\/uploads\/2019\/11\/image.png\" alt=\"\" class=\"wp-image-198\"\/><\/figure>\n\n\n\n<p class=\"has-text-align-center\"><a href=\"https:\/\/uncertainjacques.fr\/?p=285\">pr\u00e9c\u00e9dent <\/a>\/ <a href=\"https:\/\/uncertainjacques.fr\/?p=277\">Suivant<\/a><\/p>\n","protected":false},"excerpt":{"rendered":"<p>Le Titien, Caravage, Rembrandt, De Vinci, Ils \u00e9taient des g\u00e9nies, la peinture leur vie Et leurs traces laiss\u00e9es toutes d\u00e9dicac\u00e9es. Jamais indiff\u00e9rents \u00e0 la beaut\u00e9 du monde, Avec pour expression \u00ab&nbsp;Etalons le pigment&nbsp;\u00bb De ces belles juments aux formes g\u00e9n\u00e9reuses, Un temps o\u00f9 les pulpeuses \u00e9taient au firmament. Epoque r\u00e9volue, modifications indig\u00e8nes Les ont fait &hellip; <a href=\"https:\/\/uncertainjacques.fr\/?page_id=240\" class=\"more-link\">Continuer la lecture<span class=\"screen-reader-text\"> de &laquo;&nbsp;Peinture&nbsp;&raquo;<\/span><\/a><\/p>\n","protected":false},"author":1,"featured_media":0,"parent":0,"menu_order":0,"comment_status":"closed","ping_status":"closed","template":"","meta":{"footnotes":""},"class_list":["post-240","page","type-page","status-publish","hentry"],"_links":{"self":[{"href":"https:\/\/uncertainjacques.fr\/index.php?rest_route=\/wp\/v2\/pages\/240","targetHints":{"allow":["GET"]}}],"collection":[{"href":"https:\/\/uncertainjacques.fr\/index.php?rest_route=\/wp\/v2\/pages"}],"about":[{"href":"https:\/\/uncertainjacques.fr\/index.php?rest_route=\/wp\/v2\/types\/page"}],"author":[{"embeddable":true,"href":"https:\/\/uncertainjacques.fr\/index.php?rest_route=\/wp\/v2\/users\/1"}],"replies":[{"embeddable":true,"href":"https:\/\/uncertainjacques.fr\/index.php?rest_route=%2Fwp%2Fv2%2Fcomments&post=240"}],"version-history":[{"count":3,"href":"https:\/\/uncertainjacques.fr\/index.php?rest_route=\/wp\/v2\/pages\/240\/revisions"}],"predecessor-version":[{"id":1610,"href":"https:\/\/uncertainjacques.fr\/index.php?rest_route=\/wp\/v2\/pages\/240\/revisions\/1610"}],"wp:attachment":[{"href":"https:\/\/uncertainjacques.fr\/index.php?rest_route=%2Fwp%2Fv2%2Fmedia&parent=240"}],"curies":[{"name":"wp","href":"https:\/\/api.w.org\/{rel}","templated":true}]}}